{"id":109,"date":"2013-10-07T16:30:38","date_gmt":"2013-10-07T14:30:38","guid":{"rendered":"http:\/\/www.modernekunst.at\/theater\/?page_id=109"},"modified":"2013-10-07T16:52:38","modified_gmt":"2013-10-07T14:52:38","slug":"2010-ausser-kontrolle","status":"publish","type":"page","link":"https:\/\/www.buehneimmartinihof.at\/?page_id=109","title":{"rendered":"2010: Au\u00dfer Kontrolle"},"content":{"rendered":"<p>Gespielt am 9. und 10. Oktober 2010<\/p>\n<p>Gelegenheit macht Liebe, denkt sich der Staatsminister Richard Wimmer und verabredet ein stimmungsvolles T\u00eate-a-t\u00eate mit einer Sekret\u00e4rin der Opposition in der Suite eines Nobelhotels. Aber das Schicksal meint es nicht gut mit ihm: Ein lebloser K\u00f6rper auf dem Fenstersims seines Hotelzimmers durchkreuzt seine Pl\u00e4ne. Daraufhin bestellt der Minister seinen Sekret\u00e4r Georg Brunner ins Hotel, den Mann f\u00fcr alle F\u00e4lle. Mit seiner Hilfe soll alles schnell und diskret, ganz im Sinne der Regierung, geregelt werden. Aus Angst vor einem politischen Skandal und der eifers\u00fcchtigen Reaktionen der jeweiligen Ehepartner beginnt die halsbrecherische Fahrt auf einem Karussell aus L\u00fcgen, T\u00e4uschung und Verstecken. Als dann auch noch der eifers\u00fcchtige Ehemann der Geliebten und die Gattin des Staatsministers auftauchen, der misstrauische Hotelmanager und die gesch\u00e4ftst\u00fcchtige Kellnerin immer wieder bei der T\u00fcr hereinplatzen und die liebeshungrige Krankenschwester der Mutter des Sekret\u00e4rs auf der Bildfl\u00e4che erscheint, geraten die Dinge in dieser irrwitzigen Kom\u00f6die g\u00e4nzlich \u201eau\u00dfer Kontrolle&#8220;&#8230;<\/p>\n<p>Nachdem der erste Auff\u00fchrungstermin im Fr\u00fchjahr verschoben werden mu\u00dfte, weil das relativ schwer zu spielende St\u00fcck noch nicht b\u00fchnenreif war, hat dann die Auff\u00fchrung im Herbst recht gut geklappt und das Fitback des Publikums war enorm. Es wurde sehr viel gelacht.<\/p>\n<h3>Ensemble:<\/h3>\n<table border=\"0\" rules=\"rows\" cellpadding=\"4\">\n<tbody>\n<tr>\n<td valign=\"top\">Richard Wimmer<br \/>\nPamela Wimmer,\u00a0eine Gattin<br \/>\nGeorg Brunner,\u00a0sein Sekret\u00e4r<br \/>\nTina Blum<br \/>\nRonny Blum, ihr Ehemann<br \/>\nHotelmanager<br \/>\nKellnerin<br \/>\nJosef Matula, Leiche<br \/>\nSchwester Gisela<br \/>\nFensterSouffleuse<br \/>\nLicht und Tontechnik<br \/>\nRegie<br \/>\nRegieassistenz<br \/>\nB\u00fchnenbild<br \/>\nGrafische Gestaltung<\/td>\n<td valign=\"top\">Herbert Radel<br \/>\nMelanie Radel<br \/>\nFlorian Kornfeld<br \/>\nEva Schmirl<br \/>\nReinhard Schmirl<br \/>\nHelmut Schreiter<br \/>\nSabine Sch\u00fcgerl<br \/>\nG\u00fcnter Lehnert<br \/>\nMaria Kiraly<br \/>\nMelanie TschirkChrista Janska<br \/>\nHelmut Janska<br \/>\nRicki Pfister<br \/>\nJulia Schmirl<br \/>\nHerbert Radel<br \/>\nJulia Schmirl<\/td>\n<\/tr>\n<\/tbody>\n<\/table>\n","protected":false},"excerpt":{"rendered":"<p>Gespielt am 9. und 10. Oktober 2010 Gelegenheit macht Liebe, denkt sich der Staatsminister Richard Wimmer und verabredet ein stimmungsvolles T\u00eate-a-t\u00eate mit einer Sekret\u00e4rin der Opposition in der Suite eines<\/p>\n","protected":false},"author":3,"featured_media":0,"parent":121,"menu_order":0,"comment_status":"closed","ping_status":"closed","template":"","meta":{"ngg_post_thumbnail":0,"footnotes":""},"class_list":["post-109","page","type-page","status-publish","hentry"],"_links":{"self":[{"href":"https:\/\/www.buehneimmartinihof.at\/index.php?rest_route=\/wp\/v2\/pages\/109","targetHints":{"allow":["GET"]}}],"collection":[{"href":"https:\/\/www.buehneimmartinihof.at\/index.php?rest_route=\/wp\/v2\/pages"}],"about":[{"href":"https:\/\/www.buehneimmartinihof.at\/index.php?rest_route=\/wp\/v2\/types\/page"}],"author":[{"embeddable":true,"href":"https:\/\/www.buehneimmartinihof.at\/index.php?rest_route=\/wp\/v2\/users\/3"}],"replies":[{"embeddable":true,"href":"https:\/\/www.buehneimmartinihof.at\/index.php?rest_route=%2Fwp%2Fv2%2Fcomments&post=109"}],"version-history":[{"count":8,"href":"https:\/\/www.buehneimmartinihof.at\/index.php?rest_route=\/wp\/v2\/pages\/109\/revisions"}],"predecessor-version":[{"id":137,"href":"https:\/\/www.buehneimmartinihof.at\/index.php?rest_route=\/wp\/v2\/pages\/109\/revisions\/137"}],"up":[{"embeddable":true,"href":"https:\/\/www.buehneimmartinihof.at\/index.php?rest_route=\/wp\/v2\/pages\/121"}],"wp:attachment":[{"href":"https:\/\/www.buehneimmartinihof.at\/index.php?rest_route=%2Fwp%2Fv2%2Fmedia&parent=109"}],"curies":[{"name":"wp","href":"https:\/\/api.w.org\/{rel}","templated":true}]}}