{"id":116,"date":"2013-10-07T16:37:08","date_gmt":"2013-10-07T14:37:08","guid":{"rendered":"http:\/\/www.buehneimmartinihof.at\/?page_id=116"},"modified":"2013-10-07T16:43:52","modified_gmt":"2013-10-07T14:43:52","slug":"2007-pension-schoeller","status":"publish","type":"page","link":"https:\/\/www.buehneimmartinihof.at\/?page_id=116","title":{"rendered":"2007: Pension Sch\u00f6ller"},"content":{"rendered":"<p>Gespielt : Fr. 20 und Sa. 20. April 2007<strong><\/strong><\/p>\n<p>Eine Kom\u00f6die von Wilhelm Jacoby und Carl Laufs aus dem Jahre 1890. Die Urauff\u00fchrung fand am 7. Oktober 1890 in Berlin statt. Die Moilafanga spielten eine &#8222;Wiener Fassung&#8220; von Hugo Wiener.<\/p>\n<p>Ladislaus Robitschek, ein pensionierter Fabrikant aus Neud\u00f6rfl, hat eine Villa in Baden geerbt, die er in ein Nervensanatorium umbauen will. Daher ersucht er seinen Neffen, er solle ihn in Wien in eine solche Heilanstalt einf\u00fchren, um sich zu informieren. Da der Neffe eine solche Anstalt nicht kennt, den Onkel aber nicht entt\u00e4uschen will, f\u00fchrt er ihn in eine normale Familienpension, und schon bald wei\u00df man nicht mehr, wer ist &#8222;normal&#8220; und wer geisteskrank.<\/p>\n<h3>Ensemble:<\/h3>\n<table border=\"0\" align=\"left\">\n<tbody>\n<tr>\n<td>Ladislaus Robitschek<br \/>\nAlfred Robitschek, sein Neffe<br \/>\nUlrike, Schwester von Ladislaus<br \/>\nIda, Tochter von Ulrike<br \/>\nPaula, Tochter von Ulrike<br \/>\nRobert Wagner, Freund Alfreds<br \/>\nBernhardy, Gro\u00dfwildj\u00e4ger<br \/>\nKloss, Major a.D.<br \/>\nSophie Malzpichler, Schriftstellerin<br \/>\nAnna, Kellnerin<br \/>\nLudwig Sch\u00f6ller, Pensionsinhaber<br \/>\nAmalie Sch\u00f6ller, seine Gattin<br \/>\nFrieda, ihre Tochter<br \/>\nLeopoldine Sch\u00f6ller, Schwester von Ludwig Sch\u00f6ller<br \/>\nValy Staudinger, S\u00e4ngerin<br \/>\nDr. Specht, Klavierspieler<br \/>\nSebastian Linsenbolz,\u00a0Gast im KaffeehausB\u00fchnenbild<br \/>\nB\u00fchnentechnik<br \/>\nLicht und Tontechnik<br \/>\nRegie<\/td>\n<td>Herbert Radel<br \/>\nChristian Pleskott<br \/>\nMelanie Radel<br \/>\nMaria Kiraly<br \/>\nEva Schmirl<br \/>\nFlorian Kornfeld<br \/>\nHelmut Schreiter<br \/>\nNikolaus Hammer<br \/>\nFriederike Pfister<br \/>\nChrista Janska<br \/>\nG\u00fcnter Lehnert<br \/>\nGabriele Aigner-Tax<br \/>\nBarbara Aigner<br \/>\nSabine Sch\u00fcgerl<br \/>\nIngrid Reisner<br \/>\nHelmut Ebner<br \/>\nHerbert Radel<br \/>\nGerhard Kiraly<br \/>\nHelmut Janska<br \/>\nBrigitte Knotzer<\/td>\n<\/tr>\n<\/tbody>\n<\/table>\n","protected":false},"excerpt":{"rendered":"<p>Gespielt : Fr. 20 und Sa. 20. April 2007 Eine Kom\u00f6die von Wilhelm Jacoby und Carl Laufs aus dem Jahre 1890. Die Urauff\u00fchrung fand am 7. Oktober 1890 in Berlin<\/p>\n","protected":false},"author":3,"featured_media":0,"parent":121,"menu_order":0,"comment_status":"closed","ping_status":"closed","template":"","meta":{"ngg_post_thumbnail":0,"footnotes":""},"class_list":["post-116","page","type-page","status-publish","hentry"],"_links":{"self":[{"href":"https:\/\/www.buehneimmartinihof.at\/index.php?rest_route=\/wp\/v2\/pages\/116","targetHints":{"allow":["GET"]}}],"collection":[{"href":"https:\/\/www.buehneimmartinihof.at\/index.php?rest_route=\/wp\/v2\/pages"}],"about":[{"href":"https:\/\/www.buehneimmartinihof.at\/index.php?rest_route=\/wp\/v2\/types\/page"}],"author":[{"embeddable":true,"href":"https:\/\/www.buehneimmartinihof.at\/index.php?rest_route=\/wp\/v2\/users\/3"}],"replies":[{"embeddable":true,"href":"https:\/\/www.buehneimmartinihof.at\/index.php?rest_route=%2Fwp%2Fv2%2Fcomments&post=116"}],"version-history":[{"count":6,"href":"https:\/\/www.buehneimmartinihof.at\/index.php?rest_route=\/wp\/v2\/pages\/116\/revisions"}],"predecessor-version":[{"id":128,"href":"https:\/\/www.buehneimmartinihof.at\/index.php?rest_route=\/wp\/v2\/pages\/116\/revisions\/128"}],"up":[{"embeddable":true,"href":"https:\/\/www.buehneimmartinihof.at\/index.php?rest_route=\/wp\/v2\/pages\/121"}],"wp:attachment":[{"href":"https:\/\/www.buehneimmartinihof.at\/index.php?rest_route=%2Fwp%2Fv2%2Fmedia&parent=116"}],"curies":[{"name":"wp","href":"https:\/\/api.w.org\/{rel}","templated":true}]}}