{"id":1173,"date":"2024-07-11T19:20:24","date_gmt":"2024-07-11T17:20:24","guid":{"rendered":"https:\/\/www.buehneimmartinihof.at\/?page_id=1173"},"modified":"2024-07-11T19:20:24","modified_gmt":"2024-07-11T17:20:24","slug":"das-stueck","status":"publish","type":"page","link":"https:\/\/www.buehneimmartinihof.at\/?page_id=1173","title":{"rendered":"Das St\u00fcck"},"content":{"rendered":"\n<p>Die ehemaligen Schulfreundinnen Julia, Helene und Rita verleben seit vielen Jahren ihren geheimen Frauenurlaub in einer abgelegenen, vergessenen aber sehr luxuri\u00f6sen Jagdh\u00fctte in den Bergen. Hier lassen es die M\u00e4dels einmal richtig krachen, fernab der Familie und dem h\u00e4uslichen Alltag. <\/p>\n\n\n\n<p>Hier kann Frau noch Frau sein, hier darf gel\u00e4stert, gelacht und gefeiert werden, wie es das Frauenherz begehrt. Doch dann k\u00fcndigt sich die Erbin der Jagdh\u00fctte nebst Butler an. Das Haus soll noch am gleichen Tag an einen sehr interessierten Schmetterlingsforscher verkauft werden. Der nat\u00fcrlich am n\u00e4chsten Tag auch gleich mit seinem Freund Klaus-Dieter einziehen m\u00f6chte. Aber so leicht r\u00e4umen die drei Freundinnen nicht kampflos das Feld bzw. das Haus.<\/p>\n\n\n\n<p>Schnell wird ein verh\u00e4ngnisvoller Plan geschmiedet und die turbulenten Verwicklungen nehmen ihren Lauf. Welche Rolle dabei ein blauer Morpho aus Brasilien spielt und wie sich dann zum Schluss, doch alles zum Guten wendet, das erz\u00e4hlt diese am\u00fcsante und kurzweilige Kom\u00f6die.<\/p>\n","protected":false},"excerpt":{"rendered":"<p>Die ehemaligen Schulfreundinnen Julia, Helene und Rita verleben seit vielen Jahren ihren geheimen Frauenurlaub in einer abgelegenen, vergessenen aber sehr luxuri\u00f6sen Jagdh\u00fctte in den Bergen. Hier lassen es die M\u00e4dels<\/p>\n","protected":false},"author":4,"featured_media":0,"parent":1171,"menu_order":0,"comment_status":"closed","ping_status":"closed","template":"","meta":{"ngg_post_thumbnail":0,"footnotes":""},"class_list":["post-1173","page","type-page","status-publish","hentry"],"_links":{"self":[{"href":"https:\/\/www.buehneimmartinihof.at\/index.php?rest_route=\/wp\/v2\/pages\/1173","targetHints":{"allow":["GET"]}}],"collection":[{"href":"https:\/\/www.buehneimmartinihof.at\/index.php?rest_route=\/wp\/v2\/pages"}],"about":[{"href":"https:\/\/www.buehneimmartinihof.at\/index.php?rest_route=\/wp\/v2\/types\/page"}],"author":[{"embeddable":true,"href":"https:\/\/www.buehneimmartinihof.at\/index.php?rest_route=\/wp\/v2\/users\/4"}],"replies":[{"embeddable":true,"href":"https:\/\/www.buehneimmartinihof.at\/index.php?rest_route=%2Fwp%2Fv2%2Fcomments&post=1173"}],"version-history":[{"count":1,"href":"https:\/\/www.buehneimmartinihof.at\/index.php?rest_route=\/wp\/v2\/pages\/1173\/revisions"}],"predecessor-version":[{"id":1174,"href":"https:\/\/www.buehneimmartinihof.at\/index.php?rest_route=\/wp\/v2\/pages\/1173\/revisions\/1174"}],"up":[{"embeddable":true,"href":"https:\/\/www.buehneimmartinihof.at\/index.php?rest_route=\/wp\/v2\/pages\/1171"}],"wp:attachment":[{"href":"https:\/\/www.buehneimmartinihof.at\/index.php?rest_route=%2Fwp%2Fv2%2Fmedia&parent=1173"}],"curies":[{"name":"wp","href":"https:\/\/api.w.org\/{rel}","templated":true}]}}