{"id":1176,"date":"2024-07-11T19:27:48","date_gmt":"2024-07-11T17:27:48","guid":{"rendered":"https:\/\/www.buehneimmartinihof.at\/?page_id=1176"},"modified":"2024-07-11T19:36:43","modified_gmt":"2024-07-11T17:36:43","slug":"das-ensemble","status":"publish","type":"page","link":"https:\/\/www.buehneimmartinihof.at\/?page_id=1176","title":{"rendered":"Das Ensemble"},"content":{"rendered":"\n<figure class=\"wp-block-table alignleft is-style-stripes\"><table><tbody><tr><td class=\"has-text-align-left\" data-align=\"left\"><img decoding=\"async\" class=\"wp-image-1152\" style=\"width: 100px;\" src=\"https:\/\/www.buehneimmartinihof.at\/wp-content\/uploads\/2024\/07\/Sabine-scaled.jpg\" alt=\"\"><\/td><td class=\"has-text-align-left\" data-align=\"left\">Rita Hasenk\u00f6ttel<\/td><td class=\"has-text-align-left\" data-align=\"left\">Freundin 1<\/td><td class=\"has-text-align-left\" data-align=\"left\">Sabine Sch\u00fcgerl<\/td><\/tr><tr><td class=\"has-text-align-left\" data-align=\"left\"><img decoding=\"async\" class=\"wp-image-827\" style=\"width: 100px;\" src=\"https:\/\/www.buehneimmartinihof.at\/wp-content\/uploads\/2024\/07\/Angelika-scaled.jpg\" alt=\"\"><\/td><td class=\"has-text-align-left\" data-align=\"left\">Helene K\u00f6nig<\/td><td class=\"has-text-align-left\" data-align=\"left\">Freundin 2<\/td><td class=\"has-text-align-left\" data-align=\"left\">Angelika Moser-Steiger<\/td><\/tr><tr><td class=\"has-text-align-left\" data-align=\"left\"><img decoding=\"async\" class=\"wp-image-828\" style=\"width: 100px;\" src=\"https:\/\/www.buehneimmartinihof.at\/wp-content\/uploads\/2024\/07\/Beatrix-scaled.jpg\" alt=\"\"><\/td><td class=\"has-text-align-left\" data-align=\"left\">Julia Mai<\/td><td class=\"has-text-align-left\" data-align=\"left\">Freundin 3<\/td><td class=\"has-text-align-left\" data-align=\"left\">Beatrix Grasl-Stockinger<\/td><\/tr><tr><td class=\"has-text-align-left\" data-align=\"left\"><img decoding=\"async\" class=\"wp-image-829\" style=\"width: 100px;\" src=\"https:\/\/www.buehneimmartinihof.at\/wp-content\/uploads\/2024\/07\/Gabi-scaled.jpg\" alt=\"\"><\/td><td class=\"has-text-align-left\" data-align=\"left\">Lady Plumpudding<\/td><td class=\"has-text-align-left\" data-align=\"left\">vornehme Witwe<\/td><td class=\"has-text-align-left\" data-align=\"left\">Gabriele Aigner-Tax<\/td><\/tr><tr><td class=\"has-text-align-left\" data-align=\"left\"><img decoding=\"async\" class=\"wp-image-830\" style=\"width: 100px;\" src=\"https:\/\/www.buehneimmartinihof.at\/wp-content\/uploads\/2024\/07\/Georg-scaled.jpg\" alt=\"\"><\/td><td class=\"has-text-align-left\" data-align=\"left\">Olaf Obendrauf<\/td><td class=\"has-text-align-left\" data-align=\"left\">Insektenforscher<\/td><td class=\"has-text-align-left\" data-align=\"left\">Georg Stockinger<\/td><\/tr><tr><td class=\"has-text-align-left\" data-align=\"left\"><img decoding=\"async\" class=\"wp-image-831\" style=\"width: 100px;\" src=\"https:\/\/www.buehneimmartinihof.at\/wp-content\/uploads\/2024\/07\/Guenther-scaled.jpg\" alt=\"\"><\/td><td class=\"has-text-align-left\" data-align=\"left\">James<\/td><td class=\"has-text-align-left\" data-align=\"left\">Butler<\/td><td class=\"has-text-align-left\" data-align=\"left\">G\u00fcnter Lehnert<\/td><\/tr><tr><td class=\"has-text-align-left\" data-align=\"left\"><img decoding=\"async\" class=\"wp-image-837\" style=\"width: 100px;\" src=\"https:\/\/www.buehneimmartinihof.at\/wp-content\/uploads\/2024\/07\/Christa-scaled.jpg\" alt=\"\"><\/td><td class=\"has-text-align-left\" data-align=\"left\">Souffleuse<\/td><td class=\"has-text-align-left\" data-align=\"left\"><\/td><td class=\"has-text-align-left\" data-align=\"left\">Christa<br>Janska<\/td><\/tr><tr><td class=\"has-text-align-left\" data-align=\"left\"><img loading=\"lazy\" decoding=\"async\" width=\"100\" height=\"151\" class=\"wp-image-838\" style=\"width: 100px;\" src=\"https:\/\/www.buehneimmartinihof.at\/wp-content\/uploads\/2024\/07\/Helmut-Janska-scaled.jpg\" alt=\"\"><\/td><td class=\"has-text-align-left\" data-align=\"left\">Licht &amp; <br>Tontechnik<\/td><td class=\"has-text-align-left\" data-align=\"left\"><\/td><td class=\"has-text-align-left\" data-align=\"left\">Helmut <br>Janska<\/td><\/tr><tr><td class=\"has-text-align-left\" data-align=\"left\"><\/td><td class=\"has-text-align-left\" data-align=\"left\">B\u00fchnenbild<\/td><td class=\"has-text-align-left\" data-align=\"left\"><\/td><td class=\"has-text-align-left\" data-align=\"left\">Gabriele Aigner-Tax und <br>Angelika Moser-Steiger<\/td><\/tr><tr><td class=\"has-text-align-left\" data-align=\"left\"><\/td><td class=\"has-text-align-left\" data-align=\"left\">Bauten<\/td><td class=\"has-text-align-left\" data-align=\"left\"><\/td><td class=\"has-text-align-left\" data-align=\"left\">Adi Klein u. Sepp Scheucher<\/td><\/tr><tr><td class=\"has-text-align-left\" data-align=\"left\"><img decoding=\"async\" class=\"wp-image-736\" style=\"width: 100px;\" alt=\"\" src=\"https:\/\/www.buehneimmartinihof.at\/wp-content\/uploads\/2024\/07\/Helmut-Schreiter-scaled.jpg\"><\/td><td class=\"has-text-align-left\" data-align=\"left\">Regie<\/td><td class=\"has-text-align-left\" data-align=\"left\"><\/td><td class=\"has-text-align-left\" data-align=\"left\">Helmut Schreiter<\/td><\/tr><\/tbody><\/table><\/figure>\n\n\n\n<figure class=\"wp-block-image size-large\"><a href=\"https:\/\/www.buehneimmartinihof.at\/wp-content\/uploads\/2024\/07\/DSC_6281-scaled.jpg\"><img loading=\"lazy\" decoding=\"async\" width=\"1024\" height=\"680\" src=\"https:\/\/www.buehneimmartinihof.at\/wp-content\/uploads\/2024\/07\/DSC_6281-1024x680.jpg\" alt=\"\" class=\"wp-image-1177\" srcset=\"https:\/\/www.buehneimmartinihof.at\/wp-content\/uploads\/2024\/07\/DSC_6281-1024x680.jpg 1024w, https:\/\/www.buehneimmartinihof.at\/wp-content\/uploads\/2024\/07\/DSC_6281-300x199.jpg 300w, https:\/\/www.buehneimmartinihof.at\/wp-content\/uploads\/2024\/07\/DSC_6281-768x510.jpg 768w, https:\/\/www.buehneimmartinihof.at\/wp-content\/uploads\/2024\/07\/DSC_6281-1536x1020.jpg 1536w, https:\/\/www.buehneimmartinihof.at\/wp-content\/uploads\/2024\/07\/DSC_6281-2048x1360.jpg 2048w\" sizes=\"auto, (max-width: 1024px) 100vw, 1024px\" \/><\/a><\/figure>\n","protected":false},"excerpt":{"rendered":"<p>Rita Hasenk\u00f6ttel Freundin 1 Sabine Sch\u00fcgerl Helene K\u00f6nig Freundin 2 Angelika Moser-Steiger Julia Mai Freundin 3 Beatrix Grasl-Stockinger Lady Plumpudding vornehme Witwe Gabriele Aigner-Tax Olaf Obendrauf Insektenforscher Georg Stockinger James<\/p>\n","protected":false},"author":4,"featured_media":0,"parent":1171,"menu_order":0,"comment_status":"closed","ping_status":"closed","template":"","meta":{"ngg_post_thumbnail":0,"footnotes":""},"class_list":["post-1176","page","type-page","status-publish","hentry"],"_links":{"self":[{"href":"https:\/\/www.buehneimmartinihof.at\/index.php?rest_route=\/wp\/v2\/pages\/1176","targetHints":{"allow":["GET"]}}],"collection":[{"href":"https:\/\/www.buehneimmartinihof.at\/index.php?rest_route=\/wp\/v2\/pages"}],"about":[{"href":"https:\/\/www.buehneimmartinihof.at\/index.php?rest_route=\/wp\/v2\/types\/page"}],"author":[{"embeddable":true,"href":"https:\/\/www.buehneimmartinihof.at\/index.php?rest_route=\/wp\/v2\/users\/4"}],"replies":[{"embeddable":true,"href":"https:\/\/www.buehneimmartinihof.at\/index.php?rest_route=%2Fwp%2Fv2%2Fcomments&post=1176"}],"version-history":[{"count":2,"href":"https:\/\/www.buehneimmartinihof.at\/index.php?rest_route=\/wp\/v2\/pages\/1176\/revisions"}],"predecessor-version":[{"id":1189,"href":"https:\/\/www.buehneimmartinihof.at\/index.php?rest_route=\/wp\/v2\/pages\/1176\/revisions\/1189"}],"up":[{"embeddable":true,"href":"https:\/\/www.buehneimmartinihof.at\/index.php?rest_route=\/wp\/v2\/pages\/1171"}],"wp:attachment":[{"href":"https:\/\/www.buehneimmartinihof.at\/index.php?rest_route=%2Fwp%2Fv2%2Fmedia&parent=1176"}],"curies":[{"name":"wp","href":"https:\/\/api.w.org\/{rel}","templated":true}]}}