{"id":1334,"date":"2025-07-20T11:58:39","date_gmt":"2025-07-20T09:58:39","guid":{"rendered":"https:\/\/www.buehneimmartinihof.at\/?page_id=1334"},"modified":"2025-08-26T12:00:47","modified_gmt":"2025-08-26T10:00:47","slug":"das-stueck","status":"publish","type":"page","link":"https:\/\/www.buehneimmartinihof.at\/?page_id=1334","title":{"rendered":"Das St\u00fcck"},"content":{"rendered":"\n<figure class=\"wp-block-gallery has-nested-images columns-default is-cropped wp-block-gallery-1 is-layout-flex wp-block-gallery-is-layout-flex\">\n<figure class=\"wp-block-image size-large\"><a href=\"https:\/\/www.buehneimmartinihof.at\/wp-content\/uploads\/2025\/07\/DSC_6834-scaled.jpg\"><img loading=\"lazy\" decoding=\"async\" width=\"1024\" height=\"680\" data-id=\"1335\" src=\"https:\/\/www.buehneimmartinihof.at\/wp-content\/uploads\/2025\/07\/DSC_6834-1024x680.jpg\" alt=\"\" class=\"wp-image-1335\" srcset=\"https:\/\/www.buehneimmartinihof.at\/wp-content\/uploads\/2025\/07\/DSC_6834-1024x680.jpg 1024w, https:\/\/www.buehneimmartinihof.at\/wp-content\/uploads\/2025\/07\/DSC_6834-300x199.jpg 300w, https:\/\/www.buehneimmartinihof.at\/wp-content\/uploads\/2025\/07\/DSC_6834-768x510.jpg 768w, https:\/\/www.buehneimmartinihof.at\/wp-content\/uploads\/2025\/07\/DSC_6834-1536x1020.jpg 1536w, https:\/\/www.buehneimmartinihof.at\/wp-content\/uploads\/2025\/07\/DSC_6834-2048x1360.jpg 2048w\" sizes=\"auto, (max-width: 1024px) 100vw, 1024px\" \/><\/a><\/figure>\n<\/figure>\n\n\n\n<p>Panik bei Erna Wutschke. Sie muss innerhalb von 24 Stunden ihr heruntergekommenes Wirtshaus in ein Edel-Lokal verwandeln, denn ihr neureicher Cousin hat seinen Besuch angemeldet. Damit er ihr Geld f\u00fcr das Wirtshaus leiht, hatte Erna ihm vor Jahren erz\u00e4hlt, sie betreibe ein gutlaufendes Edel-Restaurant. Was sie aber hat, ist eine schlechtlaufendes Wirtshaus. Jetzt muss die bodenst\u00e4ndige Erna pl\u00f6tzlich so tun, als sei sie eine Spitzengastronomin und der beschaulich triste Wirtshausalltag steht auf dem Kopf. Stammkundin Sandy, die sonst im Wirtshaus ihren Fr\u00fchschoppen einnimmt, muss in die Rolle einer feinen Dame schl\u00fcpfen, Ernas tollpatschiger Lebensgef\u00e4hrte jagt als piekfeiner Kellner von einer Katastrophe in die n\u00e4chste, der schweigsame Stammgast Heini weigert sich standhaft, seinen Stammplatz an der Bar zu verlassen und Ernas missg\u00fcnstige Nachbargastronomin setzt ihr Ungeziefer im Lokal aus. Was folgt, ist ein rasend lustiges Verwechslungsspiel, bei dem schief l\u00e4uft, was nur schieflaufen kann. Mit vielen Ideen und Ausfl\u00fcchten scheint es Erna trotzdem zu gelingen, ihren Cousin von dem \u201eEdel-Lokal\u201c zu \u00fcberzeugen. Doch als dieser dann auch noch eine Testerin vom Magazin \u201eFalstaff\u201c ank\u00fcndigt, bricht in Ernas vermeintlichem Edel-Restaurant das komplette Chaos aus.<\/p>\n\n\n\n<p><\/p>\n","protected":false},"excerpt":{"rendered":"<p>Panik bei Erna Wutschke. Sie muss innerhalb von 24 Stunden ihr heruntergekommenes Wirtshaus in ein Edel-Lokal verwandeln, denn ihr neureicher Cousin hat seinen Besuch angemeldet. Damit er ihr Geld f\u00fcr<\/p>\n","protected":false},"author":4,"featured_media":0,"parent":1332,"menu_order":0,"comment_status":"closed","ping_status":"closed","template":"","meta":{"ngg_post_thumbnail":0,"footnotes":""},"class_list":["post-1334","page","type-page","status-publish","hentry"],"_links":{"self":[{"href":"https:\/\/www.buehneimmartinihof.at\/index.php?rest_route=\/wp\/v2\/pages\/1334","targetHints":{"allow":["GET"]}}],"collection":[{"href":"https:\/\/www.buehneimmartinihof.at\/index.php?rest_route=\/wp\/v2\/pages"}],"about":[{"href":"https:\/\/www.buehneimmartinihof.at\/index.php?rest_route=\/wp\/v2\/types\/page"}],"author":[{"embeddable":true,"href":"https:\/\/www.buehneimmartinihof.at\/index.php?rest_route=\/wp\/v2\/users\/4"}],"replies":[{"embeddable":true,"href":"https:\/\/www.buehneimmartinihof.at\/index.php?rest_route=%2Fwp%2Fv2%2Fcomments&post=1334"}],"version-history":[{"count":2,"href":"https:\/\/www.buehneimmartinihof.at\/index.php?rest_route=\/wp\/v2\/pages\/1334\/revisions"}],"predecessor-version":[{"id":1360,"href":"https:\/\/www.buehneimmartinihof.at\/index.php?rest_route=\/wp\/v2\/pages\/1334\/revisions\/1360"}],"up":[{"embeddable":true,"href":"https:\/\/www.buehneimmartinihof.at\/index.php?rest_route=\/wp\/v2\/pages\/1332"}],"wp:attachment":[{"href":"https:\/\/www.buehneimmartinihof.at\/index.php?rest_route=%2Fwp%2Fv2%2Fmedia&parent=1334"}],"curies":[{"name":"wp","href":"https:\/\/api.w.org\/{rel}","templated":true}]}}