{"id":149,"date":"2013-12-12T17:21:41","date_gmt":"2013-12-12T15:21:41","guid":{"rendered":"http:\/\/www.buehneimmartinihof.at\/?page_id=149"},"modified":"2014-09-03T18:18:30","modified_gmt":"2014-09-03T16:18:30","slug":"ensemble","status":"publish","type":"page","link":"https:\/\/www.buehneimmartinihof.at\/?page_id=149","title":{"rendered":"Das Ensemble"},"content":{"rendered":"<p>&nbsp;<\/p>\n<table border=\"0\" rules=\"rows\" cellpadding=\"4\">\n<tbody>\n<tr>\n<td valign=\"top\">Ignaz Neudorfer, B\u00fcrom\u00f6belfabrikant<br \/>\nMatilde, seine Frau<br \/>\nSabine, seine Tochter<br \/>\nDr. Peter Frischling, Jungmanager<br \/>\nFrieda, seine Mutter<br \/>\nHeinz Fr\u00f6hlich, Freund von Ignaz<br \/>\nRenate Erbse, Privatsekretr\u00e4in von Ignaz<br \/>\nStefan Kleinlich, Bankdirektor<br \/>\nTante Jutta aus Kalkutta<br \/>\nGr\u00e4fin Kunigunde von Weinstein<br \/>\nGottlieb, ihr Neffe<br \/>\nThomas Geduldig, Vertreter<\/p>\n<p>Regie und B\u00fchnenbild<br \/>\nTon- und Lichttechnik<br \/>\nSouffleuse<br \/>\nB\u00fchnenmeister<\/td>\n<td valign=\"top\">Helmut Schreiter<br \/>\nMaria Kiraly<br \/>\nNicole Farkas<br \/>\nG\u00fcnter Lehnert<br \/>\nRosi Klenner<br \/>\nHerbert Radel<br \/>\nVeronika Weidig<br \/>\nHubert Katzensteiner<br \/>\nGabi Aigner-Tax<br \/>\nMelanie Radel<br \/>\nFlorian Kornfeld<br \/>\nNikolaus &#8222;Billy&#8220; Hammer<\/p>\n<p>Herbert Radel<br \/>\nHelmut Janska<br \/>\nChrista Janska<br \/>\nGerhard Kiraly<\/td>\n<\/tr>\n<\/tbody>\n<\/table>\n","protected":false},"excerpt":{"rendered":"<p>&nbsp; Ignaz Neudorfer, B\u00fcrom\u00f6belfabrikant Matilde, seine Frau Sabine, seine Tochter Dr. Peter Frischling, Jungmanager Frieda, seine Mutter Heinz Fr\u00f6hlich, Freund von Ignaz Renate Erbse, Privatsekretr\u00e4in von Ignaz Stefan Kleinlich, Bankdirektor<\/p>\n","protected":false},"author":3,"featured_media":0,"parent":164,"menu_order":0,"comment_status":"closed","ping_status":"closed","template":"","meta":{"ngg_post_thumbnail":0,"footnotes":""},"class_list":["post-149","page","type-page","status-publish","hentry"],"_links":{"self":[{"href":"https:\/\/www.buehneimmartinihof.at\/index.php?rest_route=\/wp\/v2\/pages\/149","targetHints":{"allow":["GET"]}}],"collection":[{"href":"https:\/\/www.buehneimmartinihof.at\/index.php?rest_route=\/wp\/v2\/pages"}],"about":[{"href":"https:\/\/www.buehneimmartinihof.at\/index.php?rest_route=\/wp\/v2\/types\/page"}],"author":[{"embeddable":true,"href":"https:\/\/www.buehneimmartinihof.at\/index.php?rest_route=\/wp\/v2\/users\/3"}],"replies":[{"embeddable":true,"href":"https:\/\/www.buehneimmartinihof.at\/index.php?rest_route=%2Fwp%2Fv2%2Fcomments&post=149"}],"version-history":[{"count":7,"href":"https:\/\/www.buehneimmartinihof.at\/index.php?rest_route=\/wp\/v2\/pages\/149\/revisions"}],"predecessor-version":[{"id":192,"href":"https:\/\/www.buehneimmartinihof.at\/index.php?rest_route=\/wp\/v2\/pages\/149\/revisions\/192"}],"up":[{"embeddable":true,"href":"https:\/\/www.buehneimmartinihof.at\/index.php?rest_route=\/wp\/v2\/pages\/164"}],"wp:attachment":[{"href":"https:\/\/www.buehneimmartinihof.at\/index.php?rest_route=%2Fwp%2Fv2%2Fmedia&parent=149"}],"curies":[{"name":"wp","href":"https:\/\/api.w.org\/{rel}","templated":true}]}}