{"id":158,"date":"2014-08-21T15:55:40","date_gmt":"2014-08-21T13:55:40","guid":{"rendered":"http:\/\/www.buehneimmartinihof.at\/?page_id=158"},"modified":"2014-08-21T15:55:40","modified_gmt":"2014-08-21T13:55:40","slug":"2012-arsen-und-spitzenhaeubchen","status":"publish","type":"page","link":"https:\/\/www.buehneimmartinihof.at\/?page_id=158","title":{"rendered":"2012: Arsen und Spitzenh\u00e4ubchen"},"content":{"rendered":"<p>Ein sp\u00e4ter Herbstnachmittag. Die alte Villa Brewster in Brooklyn, New York. Das Wohnzimmer der Schwestern Brewster ist eine Oase des Friedens, niemand wird hier abgewiesen, manche bleiben f\u00fcr immer.<\/p>\n<p>Abby und Martha Brewsters Teestunden sind ber\u00fchmt. Marthas Quittenmarmelade, Kekse und Holunderwein nicht minder. Der Pfarrer und die Polizisten genie\u00dfen die Gegenwart der frommen und liebenswerten alten Damen, die sich um ihren verr\u00fcckten Neffen Teddy k\u00fcmmern. Auch Mortimer, Teddys Bruder, und Elaine, die Tochter des Pfarrers, haben hier ihr gemeinsames Gl\u00fcck gefunden. Alles scheint friedlich und selig \u2013 doch an diesem Abend durchst\u00f6bert Mortimer durch Zufall eine Fenstertruhe im Haus \u2026<\/p>\n<p>Die beiden alten Damen Abby und Martha haben es sich zur Lebensaufgabe gemacht, einsame Herren von ihren \u201eLeiden\u201c zu erl\u00f6sen. Auf makabre Weise bef\u00f6rdern sie diese ins Jenseits. Turbulent werden die Ereignisse, als ihr Neffe Mortimer hinter ihr Geheimnis kommt. Als dann auch noch Jonathan, der dritte Neffe, samt Kompagnon und Leiche im Schlepptau auftaucht, ist die Verwirrung komplett. Die Tanten und Jonathan wetteifern um die meisten Leichen, w\u00e4hrend Mortimer Schlimmeres zu verhindern sucht.<\/p>\n<p>Dieser Klassiker des Unterhaltungstheaters ist getr\u00e4nkt von angels\u00e4chsisch schwarzem Humor. Nichts erscheint mehr unm\u00f6glich in einer v\u00f6llig aus den Fugen geratenen Welt. Wirklichkeit und Fiktion geraten durcheinander. Das Phantastische, die Anarchie und die Exzesse des<\/p>\n<p>B\u00f6sen \u00fcberwuchern die Realit\u00e4t.<\/p>\n<p>Mit der parodistischen Kriminalkom\u00f6die Arsenic and Old Lace (Arsen und Spitzenh\u00e4ubchen), die 1941 am Fulton Theatre in New York uraufgef\u00fchrt wurde, erlebte der Autor Joseph Kesselring seinen Durchbruch. Der gleichnamige Film mit Cary Grant (Mortimer) und Peter Lorre<\/p>\n<p>(Einstein) unter der Regie von Frank Capra wurde ebenfalls zu einem Klassiker.<\/p>\n<p><a href=\"http:\/\/www.buehneimmartinihof.at\/wp-content\/uploads\/2014\/08\/Programm_innen-e1408629233590.jpg\"><img loading=\"lazy\" decoding=\"async\" class=\"alignnone size-medium wp-image-161\" alt=\"Programm_innen\" src=\"http:\/\/www.buehneimmartinihof.at\/wp-content\/uploads\/2014\/08\/Programm_innen-e1408629233590-300x137.jpg\" width=\"300\" height=\"137\" srcset=\"https:\/\/www.buehneimmartinihof.at\/wp-content\/uploads\/2014\/08\/Programm_innen-e1408629233590-300x137.jpg 300w, https:\/\/www.buehneimmartinihof.at\/wp-content\/uploads\/2014\/08\/Programm_innen-e1408629233590-1024x468.jpg 1024w\" sizes=\"auto, (max-width: 300px) 100vw, 300px\" \/><\/a><\/p>\n","protected":false},"excerpt":{"rendered":"<p>Ein sp\u00e4ter Herbstnachmittag. Die alte Villa Brewster in Brooklyn, New York. Das Wohnzimmer der Schwestern Brewster ist eine Oase des Friedens, niemand wird hier abgewiesen, manche bleiben f\u00fcr immer. Abby<\/p>\n","protected":false},"author":3,"featured_media":0,"parent":0,"menu_order":0,"comment_status":"closed","ping_status":"open","template":"","meta":{"ngg_post_thumbnail":0,"footnotes":""},"class_list":["post-158","page","type-page","status-publish","hentry"],"_links":{"self":[{"href":"https:\/\/www.buehneimmartinihof.at\/index.php?rest_route=\/wp\/v2\/pages\/158","targetHints":{"allow":["GET"]}}],"collection":[{"href":"https:\/\/www.buehneimmartinihof.at\/index.php?rest_route=\/wp\/v2\/pages"}],"about":[{"href":"https:\/\/www.buehneimmartinihof.at\/index.php?rest_route=\/wp\/v2\/types\/page"}],"author":[{"embeddable":true,"href":"https:\/\/www.buehneimmartinihof.at\/index.php?rest_route=\/wp\/v2\/users\/3"}],"replies":[{"embeddable":true,"href":"https:\/\/www.buehneimmartinihof.at\/index.php?rest_route=%2Fwp%2Fv2%2Fcomments&post=158"}],"version-history":[{"count":2,"href":"https:\/\/www.buehneimmartinihof.at\/index.php?rest_route=\/wp\/v2\/pages\/158\/revisions"}],"predecessor-version":[{"id":162,"href":"https:\/\/www.buehneimmartinihof.at\/index.php?rest_route=\/wp\/v2\/pages\/158\/revisions\/162"}],"wp:attachment":[{"href":"https:\/\/www.buehneimmartinihof.at\/index.php?rest_route=%2Fwp%2Fv2%2Fmedia&parent=158"}],"curies":[{"name":"wp","href":"https:\/\/api.w.org\/{rel}","templated":true}]}}