{"id":166,"date":"2014-08-21T16:08:12","date_gmt":"2014-08-21T14:08:12","guid":{"rendered":"http:\/\/www.buehneimmartinihof.at\/?page_id=166"},"modified":"2014-08-21T16:27:55","modified_gmt":"2014-08-21T14:27:55","slug":"das-stueck","status":"publish","type":"page","link":"https:\/\/www.buehneimmartinihof.at\/?page_id=166","title":{"rendered":"Das St\u00fcck"},"content":{"rendered":"<p>Schwank in 3 Akten von Norbert Gr\u00f6\u00df<\/p>\n<p>Der B\u00fcrom\u00f6belfabrikant Ignaz Neudorfer <strong><em>(Helmut Schreiter)<\/em><\/strong> steckt in finanziellen N\u00f6ten, ein Gro\u00dfauftrag seiner Firma ist geplatzt, unklare Alimentationszahlungen belasten sein Konto und der Bankdirektor Kleinlich <strong><em>(Hubert Katzensteiner)<\/em><\/strong> fordert eine sofortige R\u00fcckzahlung seines Kredits. Da der Bankdirektor keinen weiteren Aufschub gew\u00e4hren will, erz\u00e4hlt der Fabrikant von einer reichen Erbtante Jutta <strong><em>(Gabi Aigner-Tax)<\/em><\/strong> die aus Kalkutta zu Besuch kommen und den Kredit bezahlen wird. Damit scheint die Sache geritzt, doch pl\u00f6tzlich wird durch die \u00fcberraschende Nachricht, dass die Tante aufgehalten worden sei, alles wieder in Frage gestellt. In seiner Notlage sucht der Fabrikant nach einem Ausweg und bittet seinen Freund Heinz Fr\u00f6hlich <strong><em>(Herbert Radel)<\/em><\/strong> in die Rolle der Tante zu schl\u00fcpfen. Der lehnt zuerst ab, kommt aber in der Aussicht auf ein reichliches Abendessen doch der Bitte nach.<\/p>\n<p>Inzwischen hat aber der Fabrikant schon die Mutter seines neuen Prokuristen<strong><em> (G\u00fcnter Lehnert)<\/em><\/strong>, eine ehemalige Schauspielerin, <strong><em>(Rosi Klenner)<\/em><\/strong> gebeten, die Rolle der Tante zu \u00fcbernehmen, und zu allem \u00dcberfluss kommt die echte Tante auch noch. Damit ist das Chaos perfekt .<\/p>\n<p>W\u00e4hrenddessen hat Ignaz \u0301 Frau Mathilde <strong><em>(Maria Kiraly)<\/em> <\/strong>nur eines im Kopf: Sie m\u00f6chte Tochter Sabine<strong><em> (Nicole Farkas)<\/em><\/strong> mit dem wohlhabenden Neffen<strong><em> (Florian Kornfeld)<\/em> <\/strong>der Gr\u00e4fin Weinstein <strong><em>(Melanie Radel)<\/em><\/strong> verheiraten \u2026<\/p>\n<p>Fr\u00e4ulein Erbse <strong><em>(Veronika Weidig)<\/em><\/strong>, die im B\u00fcro die F\u00e4den zieht, und ein l\u00e4stiger Gast <em><strong>(Billy<\/strong> <strong>Hammer)<\/strong><\/em> komplettieren die am\u00fcsante Geschichte rund um den B\u00fcrom\u00f6belfabrikanten Ignaz Neudorfer.<\/p>\n<p>&nbsp;<\/p>\n<p>Regie u. B\u00fchnenbild:<strong> Herbert Radel<\/strong><\/p>\n<p>Licht u. Ton: <strong>Ing. Helmut Janska<\/strong><\/p>\n<p>Souffleuse: <strong>Christa Janska<\/strong><\/p>\n<p><a href=\"http:\/\/www.buehneimmartinihof.at\/wp-content\/uploads\/2014\/08\/DSC_7810a.jpg\"><img loading=\"lazy\" decoding=\"async\" class=\"alignnone size-medium wp-image-171\" alt=\"DSC_7810a\" src=\"http:\/\/www.buehneimmartinihof.at\/wp-content\/uploads\/2014\/08\/DSC_7810a-300x199.jpg\" width=\"300\" height=\"199\" srcset=\"https:\/\/www.buehneimmartinihof.at\/wp-content\/uploads\/2014\/08\/DSC_7810a-300x199.jpg 300w, https:\/\/www.buehneimmartinihof.at\/wp-content\/uploads\/2014\/08\/DSC_7810a-1024x680.jpg 1024w\" sizes=\"auto, (max-width: 300px) 100vw, 300px\" \/><\/a><\/p>\n<p>&nbsp;<\/p>\n","protected":false},"excerpt":{"rendered":"<p>Schwank in 3 Akten von Norbert Gr\u00f6\u00df Der B\u00fcrom\u00f6belfabrikant Ignaz Neudorfer (Helmut Schreiter) steckt in finanziellen N\u00f6ten, ein Gro\u00dfauftrag seiner Firma ist geplatzt, unklare Alimentationszahlungen belasten sein Konto und der<\/p>\n","protected":false},"author":3,"featured_media":0,"parent":164,"menu_order":0,"comment_status":"closed","ping_status":"open","template":"","meta":{"ngg_post_thumbnail":0,"footnotes":""},"class_list":["post-166","page","type-page","status-publish","hentry"],"_links":{"self":[{"href":"https:\/\/www.buehneimmartinihof.at\/index.php?rest_route=\/wp\/v2\/pages\/166","targetHints":{"allow":["GET"]}}],"collection":[{"href":"https:\/\/www.buehneimmartinihof.at\/index.php?rest_route=\/wp\/v2\/pages"}],"about":[{"href":"https:\/\/www.buehneimmartinihof.at\/index.php?rest_route=\/wp\/v2\/types\/page"}],"author":[{"embeddable":true,"href":"https:\/\/www.buehneimmartinihof.at\/index.php?rest_route=\/wp\/v2\/users\/3"}],"replies":[{"embeddable":true,"href":"https:\/\/www.buehneimmartinihof.at\/index.php?rest_route=%2Fwp%2Fv2%2Fcomments&post=166"}],"version-history":[{"count":2,"href":"https:\/\/www.buehneimmartinihof.at\/index.php?rest_route=\/wp\/v2\/pages\/166\/revisions"}],"predecessor-version":[{"id":172,"href":"https:\/\/www.buehneimmartinihof.at\/index.php?rest_route=\/wp\/v2\/pages\/166\/revisions\/172"}],"up":[{"embeddable":true,"href":"https:\/\/www.buehneimmartinihof.at\/index.php?rest_route=\/wp\/v2\/pages\/164"}],"wp:attachment":[{"href":"https:\/\/www.buehneimmartinihof.at\/index.php?rest_route=%2Fwp%2Fv2%2Fmedia&parent=166"}],"curies":[{"name":"wp","href":"https:\/\/api.w.org\/{rel}","templated":true}]}}