{"id":2,"date":"2013-08-05T09:38:08","date_gmt":"2013-08-05T07:38:08","guid":{"rendered":"http:\/\/www.buehneimmartinihof.at\/?page_id=2"},"modified":"2023-09-29T18:34:09","modified_gmt":"2023-09-29T16:34:09","slug":"beispiel-seite","status":"publish","type":"page","link":"https:\/\/www.buehneimmartinihof.at\/","title":{"rendered":"Willkommen!"},"content":{"rendered":"<p><a href=\"http:\/\/www.buehneimmartinihof.at\/wp-content\/uploads\/2014\/08\/131107_1108_s.jpg\"><img loading=\"lazy\" decoding=\"async\" class=\"alignleft wp-image-183\" src=\"http:\/\/www.buehneimmartinihof.at\/wp-content\/uploads\/2014\/08\/131107_1108_s-300x200.jpg\" alt=\"131107_1108_s\" width=\"300\" height=\"200\" srcset=\"https:\/\/www.buehneimmartinihof.at\/wp-content\/uploads\/2014\/08\/131107_1108_s-300x200.jpg 300w, https:\/\/www.buehneimmartinihof.at\/wp-content\/uploads\/2014\/08\/131107_1108_s.jpg 960w\" sizes=\"auto, (max-width: 300px) 100vw, 300px\" \/><\/a>Die B\u00fchne im Martinihof &#8211; Theatergruppe Neud\u00f6rfl &#8211; entwickelte sich 2007 aus Mitgliedern der Faschingsgilde &#8222;Moilafanga&#8220;. 2011 hat sich die Theatergruppe als eigenst\u00e4ndiger Verein konstituiert. Der Vereinsvorstand besteht aus: Helmut Schreiter (Obmann), Magdalena Kern (Schriftf\u00fchrer) und Angelika Moser-Steiger (Kassier). Die Vereinskontrolle nehmen Michael Lenzinger und Hubert Katzensteiner wahr. Die k\u00fcnstlerische Leiterin ist Gabriele Aigner-Tax.<\/p>\n<p>Die B\u00fchne im Martinihof ist bem\u00fcht, f\u00fcr ihr Publikum humor- und niveauvolle St\u00fccke zur Auff\u00fchrung zu bringen. Zu beurteilen, ob das bisher gelungen ist, liegt beim Publikum.<\/p>\n<p>Wir bedanken uns bei unseren Sponsoren und bei unserem Publikum f\u00fcr die Unterst\u00fctzung! Halten Sie uns weiter die Treue!<\/p>\n","protected":false},"excerpt":{"rendered":"<p>Die B\u00fchne im Martinihof &#8211; Theatergruppe Neud\u00f6rfl &#8211; entwickelte sich 2007 aus Mitgliedern der Faschingsgilde &#8222;Moilafanga&#8220;. 2011 hat sich die Theatergruppe als eigenst\u00e4ndiger Verein konstituiert. Der Vereinsvorstand besteht aus: Helmut<\/p>\n","protected":false},"author":3,"featured_media":0,"parent":0,"menu_order":0,"comment_status":"closed","ping_status":"closed","template":"","meta":{"ngg_post_thumbnail":0,"footnotes":""},"class_list":["post-2","page","type-page","status-publish","hentry"],"_links":{"self":[{"href":"https:\/\/www.buehneimmartinihof.at\/index.php?rest_route=\/wp\/v2\/pages\/2","targetHints":{"allow":["GET"]}}],"collection":[{"href":"https:\/\/www.buehneimmartinihof.at\/index.php?rest_route=\/wp\/v2\/pages"}],"about":[{"href":"https:\/\/www.buehneimmartinihof.at\/index.php?rest_route=\/wp\/v2\/types\/page"}],"author":[{"embeddable":true,"href":"https:\/\/www.buehneimmartinihof.at\/index.php?rest_route=\/wp\/v2\/users\/3"}],"replies":[{"embeddable":true,"href":"https:\/\/www.buehneimmartinihof.at\/index.php?rest_route=%2Fwp%2Fv2%2Fcomments&post=2"}],"version-history":[{"count":13,"href":"https:\/\/www.buehneimmartinihof.at\/index.php?rest_route=\/wp\/v2\/pages\/2\/revisions"}],"predecessor-version":[{"id":1141,"href":"https:\/\/www.buehneimmartinihof.at\/index.php?rest_route=\/wp\/v2\/pages\/2\/revisions\/1141"}],"wp:attachment":[{"href":"https:\/\/www.buehneimmartinihof.at\/index.php?rest_route=%2Fwp%2Fv2%2Fmedia&parent=2"}],"curies":[{"name":"wp","href":"https:\/\/api.w.org\/{rel}","templated":true}]}}