{"id":261,"date":"2015-09-14T10:35:48","date_gmt":"2015-09-14T08:35:48","guid":{"rendered":"http:\/\/www.buehneimmartinihof.at\/?page_id=261"},"modified":"2015-09-14T10:35:48","modified_gmt":"2015-09-14T08:35:48","slug":"das-stuck","status":"publish","type":"page","link":"https:\/\/www.buehneimmartinihof.at\/?page_id=261","title":{"rendered":"Das St\u00fcck"},"content":{"rendered":"<p>Ein St\u00fcck von Hermann Bahr in einer Bearbeitung von Helmut Schreiter<\/p>\n<p><img loading=\"lazy\" decoding=\"async\" class=\"aligncenter size-large wp-image-262\" src=\"http:\/\/www.buehneimmartinihof.at\/wp-content\/uploads\/2015\/09\/Ensemble-1024x680.jpg\" alt=\"Ensemble\" width=\"480\" height=\"319\" srcset=\"https:\/\/www.buehneimmartinihof.at\/wp-content\/uploads\/2015\/09\/Ensemble-1024x680.jpg 1024w, https:\/\/www.buehneimmartinihof.at\/wp-content\/uploads\/2015\/09\/Ensemble-300x199.jpg 300w\" sizes=\"auto, (max-width: 480px) 100vw, 480px\" \/><\/p>\n<p>Das Konzert ist gar kein Konzert!<\/p>\n<p>Sondern der ber\u00fchmte Pianist Gustav Heink, verheiratet mit der verst\u00e4ndnisvollen und nachsichtigen Frau Marie, der von seinen Sch\u00fclerinnen verschiedenen Alters umschw\u00e4rmt wird, nutzt dies als Ausrede um ab und zu mit einer seiner Verehrerinnen in seine Gebirgsh\u00fctte zu fahren. Das es dabei zu Komplikationen kommen kann ist f\u00fcr Heink \u00fcberraschend &#8230;<\/p>\n","protected":false},"excerpt":{"rendered":"<p>Ein St\u00fcck von Hermann Bahr in einer Bearbeitung von Helmut Schreiter Das Konzert ist gar kein Konzert! Sondern der ber\u00fchmte Pianist Gustav Heink, verheiratet mit der verst\u00e4ndnisvollen und nachsichtigen Frau<\/p>\n","protected":false},"author":3,"featured_media":0,"parent":259,"menu_order":0,"comment_status":"closed","ping_status":"closed","template":"","meta":{"ngg_post_thumbnail":0,"footnotes":""},"class_list":["post-261","page","type-page","status-publish","hentry"],"_links":{"self":[{"href":"https:\/\/www.buehneimmartinihof.at\/index.php?rest_route=\/wp\/v2\/pages\/261","targetHints":{"allow":["GET"]}}],"collection":[{"href":"https:\/\/www.buehneimmartinihof.at\/index.php?rest_route=\/wp\/v2\/pages"}],"about":[{"href":"https:\/\/www.buehneimmartinihof.at\/index.php?rest_route=\/wp\/v2\/types\/page"}],"author":[{"embeddable":true,"href":"https:\/\/www.buehneimmartinihof.at\/index.php?rest_route=\/wp\/v2\/users\/3"}],"replies":[{"embeddable":true,"href":"https:\/\/www.buehneimmartinihof.at\/index.php?rest_route=%2Fwp%2Fv2%2Fcomments&post=261"}],"version-history":[{"count":1,"href":"https:\/\/www.buehneimmartinihof.at\/index.php?rest_route=\/wp\/v2\/pages\/261\/revisions"}],"predecessor-version":[{"id":263,"href":"https:\/\/www.buehneimmartinihof.at\/index.php?rest_route=\/wp\/v2\/pages\/261\/revisions\/263"}],"up":[{"embeddable":true,"href":"https:\/\/www.buehneimmartinihof.at\/index.php?rest_route=\/wp\/v2\/pages\/259"}],"wp:attachment":[{"href":"https:\/\/www.buehneimmartinihof.at\/index.php?rest_route=%2Fwp%2Fv2%2Fmedia&parent=261"}],"curies":[{"name":"wp","href":"https:\/\/api.w.org\/{rel}","templated":true}]}}