{"id":264,"date":"2015-09-14T10:36:26","date_gmt":"2015-09-14T08:36:26","guid":{"rendered":"http:\/\/www.buehneimmartinihof.at\/?page_id=264"},"modified":"2015-10-05T19:01:08","modified_gmt":"2015-10-05T17:01:08","slug":"das-ensemble","status":"publish","type":"page","link":"https:\/\/www.buehneimmartinihof.at\/?page_id=264","title":{"rendered":"Das Ensemble"},"content":{"rendered":"<p><strong>Die\u00a0Rollen in diesem\u00a0St\u00fcck spielen f\u00fcr Sie:<\/strong><\/p>\n<table border=\"0\" rules=\"rows\" cellpadding=\"4\">\n<tbody>\n<tr>\n<td><img loading=\"lazy\" decoding=\"async\" class=\"wp-image-280 aligncenter\" src=\"http:\/\/www.buehneimmartinihof.at\/wp-content\/uploads\/2015\/09\/Herbert-Radel-e1442220901151-150x150.jpg\" alt=\"Herbert Radel\" width=\"50\" height=\"50\" \/><\/td>\n<td style=\"text-align: left;\"><span style=\"font-family: Verdana, serif;\"><span style=\"font-size: small;\">Gustav Heink, Pianist<\/span><\/span><\/td>\n<td style=\"text-align: left;\"><span style=\"font-family: Verdana, serif;\"><span style=\"font-size: small;\">Herbert Radel<\/span><\/span><\/td>\n<\/tr>\n<tr>\n<td><a href=\"http:\/\/www.buehneimmartinihof.at\/wp-content\/uploads\/2015\/09\/Rosi-Klenner-e1442221274742.jpg\"><img loading=\"lazy\" decoding=\"async\" class=\"wp-image-282 aligncenter\" src=\"http:\/\/www.buehneimmartinihof.at\/wp-content\/uploads\/2015\/09\/Rosi-Klenner-e1442221274742-150x150.jpg\" alt=\"Rosi Klenner\" width=\"50\" height=\"50\" \/><\/a><\/td>\n<td><span style=\"font-family: Verdana, serif;\"><span style=\"font-size: small;\">Marie, seine Frau<\/span><\/span><\/td>\n<td><span style=\"font-family: Verdana, serif;\"><span style=\"font-size: small;\">Rosi Klenner<\/span><\/span><\/td>\n<\/tr>\n<tr>\n<td><a href=\"http:\/\/www.buehneimmartinihof.at\/wp-content\/uploads\/2015\/09\/Gunther-Lehnet-e1442221445825.jpg\"><img loading=\"lazy\" decoding=\"async\" class=\"wp-image-283 aligncenter\" src=\"http:\/\/www.buehneimmartinihof.at\/wp-content\/uploads\/2015\/09\/Gunther-Lehnet-e1442221445825-150x150.jpg\" alt=\"Gunther Lehnet\" width=\"50\" height=\"50\" \/><\/a><\/td>\n<td><span style=\"font-family: Verdana, serif;\"><span style=\"font-size: small;\">Dr. Franz Jura<\/span><\/span><\/td>\n<td><span style=\"font-family: Verdana, serif;\"><span style=\"font-size: small;\">G\u00fcnter Lehnert<\/span><\/span><\/td>\n<\/tr>\n<tr>\n<td><a href=\"http:\/\/www.buehneimmartinihof.at\/wp-content\/uploads\/2015\/09\/Maria-Kiraly-e1442221511485.jpg\"><img loading=\"lazy\" decoding=\"async\" class=\"wp-image-284 aligncenter\" src=\"http:\/\/www.buehneimmartinihof.at\/wp-content\/uploads\/2015\/09\/Maria-Kiraly-e1442221511485-150x150.jpg\" alt=\"Maria Kiraly\" width=\"50\" height=\"50\" \/><\/a><\/td>\n<td><span style=\"font-family: Verdana, serif;\"><span style=\"font-size: small;\">Delfine, seine Frau<\/span><\/span><\/td>\n<td><span style=\"font-family: Verdana, serif;\"><span style=\"font-size: small;\">Maria Kiraly<\/span><\/span><\/td>\n<\/tr>\n<tr>\n<td><a href=\"http:\/\/www.buehneimmartinihof.at\/wp-content\/uploads\/2015\/09\/Gabriele-Aigner-Tax-e1442221870924.jpg\"><img loading=\"lazy\" decoding=\"async\" class=\"wp-image-285 aligncenter\" src=\"http:\/\/www.buehneimmartinihof.at\/wp-content\/uploads\/2015\/09\/Gabriele-Aigner-Tax-e1442221870924-150x150.jpg\" alt=\"Gabriele Aigner-Tax\" width=\"50\" height=\"50\" \/><\/a><\/td>\n<td><span style=\"font-family: Verdana, serif;\"><span style=\"font-size: small;\">Eva Gerndl<\/span><\/span><\/td>\n<td><span style=\"font-family: Verdana, serif;\"><span style=\"font-size: small;\">Gabi Aigner Tax<\/span><\/span><\/td>\n<\/tr>\n<tr>\n<td><a href=\"http:\/\/www.buehneimmartinihof.at\/wp-content\/uploads\/2015\/09\/Helmut-Schreiter-e1442221933921.jpg\"><img loading=\"lazy\" decoding=\"async\" class=\"wp-image-286 aligncenter\" src=\"http:\/\/www.buehneimmartinihof.at\/wp-content\/uploads\/2015\/09\/Helmut-Schreiter-e1442221933921-150x150.jpg\" alt=\"Helmut Schreiter\" width=\"50\" height=\"50\" \/><\/a><\/td>\n<td><span style=\"font-family: Verdana, serif;\"><span style=\"font-size: small;\">Pollinger<\/span><\/span><\/td>\n<td><span style=\"font-family: Verdana, serif;\"><span style=\"font-size: small;\">Helmut Schreiter<\/span><\/span><\/td>\n<\/tr>\n<tr>\n<td><a href=\"http:\/\/www.buehneimmartinihof.at\/wp-content\/uploads\/2015\/09\/Melanie-Radel-e1442222000183.jpg\"><img loading=\"lazy\" decoding=\"async\" class=\"wp-image-287 aligncenter\" src=\"http:\/\/www.buehneimmartinihof.at\/wp-content\/uploads\/2015\/09\/Melanie-Radel-e1442222000183-150x150.jpg\" alt=\"Melanie Radel\" width=\"50\" height=\"50\" \/><\/a><\/td>\n<td><span style=\"font-family: Verdana, serif;\"><span style=\"font-size: small;\">Frau Pollinger<\/span><\/span><\/td>\n<td><span style=\"font-family: Verdana, serif;\"><span style=\"font-size: small;\">Melanie Radel<\/span><\/span><\/td>\n<\/tr>\n<tr>\n<td><a href=\"http:\/\/www.buehneimmartinihof.at\/wp-content\/uploads\/2015\/09\/Veronika-Weidig-e1442222067512.jpg\"><img loading=\"lazy\" decoding=\"async\" class=\"wp-image-288 aligncenter\" src=\"http:\/\/www.buehneimmartinihof.at\/wp-content\/uploads\/2015\/09\/Veronika-Weidig-e1442222067512-150x150.jpg\" alt=\"Veronika Weidig\" width=\"50\" height=\"50\" \/><\/a><\/td>\n<td><span style=\"font-family: Verdana, serif;\"><span style=\"font-size: small;\">Fr\u00e4ulein Madeleine<\/span><\/span><\/td>\n<td><span style=\"font-family: Verdana, serif;\"><span style=\"font-size: small;\">Veronika Weidig<\/span><\/span><\/td>\n<\/tr>\n<tr>\n<td><a href=\"http:\/\/www.buehneimmartinihof.at\/wp-content\/uploads\/2015\/09\/Nicole-Farkas-e1442222122836.jpg\"><img loading=\"lazy\" decoding=\"async\" class=\"wp-image-289 aligncenter\" src=\"http:\/\/www.buehneimmartinihof.at\/wp-content\/uploads\/2015\/09\/Nicole-Farkas-e1442222122836-150x150.jpg\" alt=\"Nicole Farkas\" width=\"50\" height=\"50\" \/><\/a><\/td>\n<td><span style=\"font-family: Verdana, serif;\"><span style=\"font-size: small;\">Fr\u00e4ulein Selma Meier<\/span><\/span><\/td>\n<td><span style=\"font-family: Verdana, serif;\"><span style=\"font-size: small;\">Nicole Farkas<\/span><\/span><\/td>\n<\/tr>\n<tr>\n<td><a href=\"http:\/\/www.buehneimmartinihof.at\/wp-content\/uploads\/2015\/09\/Angelika-Moser-e1442222183205.jpg\"><img loading=\"lazy\" decoding=\"async\" class=\"wp-image-290 aligncenter\" src=\"http:\/\/www.buehneimmartinihof.at\/wp-content\/uploads\/2015\/09\/Angelika-Moser-e1442222183205-150x150.jpg\" alt=\"Angelika Moser\" width=\"50\" height=\"50\" \/><\/a><\/td>\n<td><span style=\"font-family: Verdana, serif;\"><span style=\"font-size: small;\">Miss Garden<\/span><\/span><\/td>\n<td><span style=\"font-family: Verdana, serif;\"><span style=\"font-size: small;\">Angelika Moser<\/span><\/span><\/td>\n<\/tr>\n<tr>\n<td><a href=\"http:\/\/www.buehneimmartinihof.at\/wp-content\/uploads\/2015\/09\/Melanie-Pusitz-e1442222233299.jpg\"><img loading=\"lazy\" decoding=\"async\" class=\"wp-image-291 aligncenter\" src=\"http:\/\/www.buehneimmartinihof.at\/wp-content\/uploads\/2015\/09\/Melanie-Pusitz-e1442222233299-150x150.jpg\" alt=\"Melanie Pusitz\" width=\"50\" height=\"50\" \/><\/a><\/td>\n<td><span style=\"font-family: Verdana, serif;\"><span style=\"font-size: small;\">Frau Claire Floderer<\/span><\/span><\/td>\n<td><span style=\"font-family: Verdana, serif;\"><span style=\"font-size: small;\">Melanie Pusitz<\/span><\/span><\/td>\n<\/tr>\n<tr>\n<td><\/td>\n<td><\/td>\n<td><\/td>\n<\/tr>\n<tr>\n<td><a href=\"http:\/\/www.buehneimmartinihof.at\/wp-content\/uploads\/2015\/09\/Christa-Janska-e1442222285947.jpg\"><img loading=\"lazy\" decoding=\"async\" class=\"wp-image-292 aligncenter\" src=\"http:\/\/www.buehneimmartinihof.at\/wp-content\/uploads\/2015\/09\/Christa-Janska-e1442222285947-150x150.jpg\" alt=\"Christa Janska\" width=\"50\" height=\"50\" \/><\/a><\/td>\n<td><span style=\"font-family: Verdana, serif;\"><span style=\"font-size: small;\">Souffleuse<\/span><\/span><\/td>\n<td><span style=\"font-family: Verdana, serif;\"><span style=\"font-size: small;\">Christa Janska<\/span><\/span><\/td>\n<\/tr>\n<tr>\n<td><a href=\"http:\/\/www.buehneimmartinihof.at\/wp-content\/uploads\/2015\/09\/Helmut-Janska-e1442222345239.jpg\"><img loading=\"lazy\" decoding=\"async\" class=\"wp-image-293 aligncenter\" src=\"http:\/\/www.buehneimmartinihof.at\/wp-content\/uploads\/2015\/09\/Helmut-Janska-e1442222345239-150x150.jpg\" alt=\"Helmut Janska\" width=\"50\" height=\"50\" \/><\/a><\/td>\n<td><span style=\"font-family: Verdana, serif;\"><span style=\"font-size: small;\">Technik<\/span><\/span><\/td>\n<td><span style=\"font-family: Verdana, serif;\"><span style=\"font-size: small;\">Helmut Janska<\/span><\/span><\/td>\n<\/tr>\n<tr>\n<td><\/td>\n<td><span style=\"font-family: Verdana, serif;\"><span style=\"font-size: small;\">B\u00fchnenbild und Bauten<\/span><\/span><\/td>\n<td><span style=\"font-family: Verdana, serif;\"><span style=\"font-size: small;\">Herbert Radel<\/span><\/span><\/td>\n<\/tr>\n<tr>\n<td><\/td>\n<td><span style=\"font-family: Verdana, serif;\"><span style=\"font-size: small;\">Kost\u00fcme<\/span><\/span><\/td>\n<td><span style=\"font-family: Verdana, serif;\"><span style=\"font-size: small;\">Melanie Radel<\/span><\/span><\/td>\n<\/tr>\n<tr>\n<td><\/td>\n<td><span style=\"font-family: Verdana, serif;\"><span style=\"font-size: small;\">Requisite<\/span><\/span><\/td>\n<td><span style=\"font-family: Verdana, serif;\"><span style=\"font-size: small;\">Angelika Moser<\/span><\/span><\/td>\n<\/tr>\n<tr>\n<td><\/td>\n<td><span style=\"font-family: Verdana, serif;\"><span style=\"font-size: small;\">Regie<\/span><\/span><\/td>\n<td><span style=\"font-family: Verdana, serif;\"><span style=\"font-size: small;\">Gabriele Aigner-Tax und<br \/>\nHelmut Schreiter<\/span><\/span><\/td>\n<\/tr>\n<\/tbody>\n<\/table>\n","protected":false},"excerpt":{"rendered":"<p>Die\u00a0Rollen in diesem\u00a0St\u00fcck spielen f\u00fcr Sie: Gustav Heink, Pianist Herbert Radel Marie, seine Frau Rosi Klenner Dr. Franz Jura G\u00fcnter Lehnert Delfine, seine Frau Maria Kiraly Eva Gerndl Gabi Aigner<\/p>\n","protected":false},"author":3,"featured_media":0,"parent":259,"menu_order":0,"comment_status":"closed","ping_status":"closed","template":"","meta":{"ngg_post_thumbnail":0,"footnotes":""},"class_list":["post-264","page","type-page","status-publish","hentry"],"_links":{"self":[{"href":"https:\/\/www.buehneimmartinihof.at\/index.php?rest_route=\/wp\/v2\/pages\/264","targetHints":{"allow":["GET"]}}],"collection":[{"href":"https:\/\/www.buehneimmartinihof.at\/index.php?rest_route=\/wp\/v2\/pages"}],"about":[{"href":"https:\/\/www.buehneimmartinihof.at\/index.php?rest_route=\/wp\/v2\/types\/page"}],"author":[{"embeddable":true,"href":"https:\/\/www.buehneimmartinihof.at\/index.php?rest_route=\/wp\/v2\/users\/3"}],"replies":[{"embeddable":true,"href":"https:\/\/www.buehneimmartinihof.at\/index.php?rest_route=%2Fwp%2Fv2%2Fcomments&post=264"}],"version-history":[{"count":30,"href":"https:\/\/www.buehneimmartinihof.at\/index.php?rest_route=\/wp\/v2\/pages\/264\/revisions"}],"predecessor-version":[{"id":325,"href":"https:\/\/www.buehneimmartinihof.at\/index.php?rest_route=\/wp\/v2\/pages\/264\/revisions\/325"}],"up":[{"embeddable":true,"href":"https:\/\/www.buehneimmartinihof.at\/index.php?rest_route=\/wp\/v2\/pages\/259"}],"wp:attachment":[{"href":"https:\/\/www.buehneimmartinihof.at\/index.php?rest_route=%2Fwp%2Fv2%2Fmedia&parent=264"}],"curies":[{"name":"wp","href":"https:\/\/api.w.org\/{rel}","templated":true}]}}