{"id":411,"date":"2016-07-03T16:45:49","date_gmt":"2016-07-03T14:45:49","guid":{"rendered":"http:\/\/www.buehneimmartinihof.at\/?page_id=411"},"modified":"2016-07-03T17:43:27","modified_gmt":"2016-07-03T15:43:27","slug":"das-ensemble","status":"publish","type":"page","link":"https:\/\/www.buehneimmartinihof.at\/?page_id=411","title":{"rendered":"Das Ensemble"},"content":{"rendered":"<p><strong>Die Rollen in diesem St\u00fcck spielen f\u00fcr Sie:<\/strong><\/p>\n<table border=\"0\" rules=\"rows\" cellpadding=\"4\">\n<tbody>\n<tr>\n<td><a href=\"http:\/\/www.buehneimmartinihof.at\/wp-content\/uploads\/2016\/07\/Schreiter.jpg\"><img loading=\"lazy\" decoding=\"async\" class=\"aligncenter wp-image-395\" src=\"http:\/\/www.buehneimmartinihof.at\/wp-content\/uploads\/2016\/07\/Schreiter-150x150.jpg\" alt=\"Schreiter\" width=\"75\" height=\"113\" srcset=\"https:\/\/www.buehneimmartinihof.at\/wp-content\/uploads\/2016\/07\/Schreiter-199x300.jpg 199w, https:\/\/www.buehneimmartinihof.at\/wp-content\/uploads\/2016\/07\/Schreiter-768x1156.jpg 768w, https:\/\/www.buehneimmartinihof.at\/wp-content\/uploads\/2016\/07\/Schreiter-680x1024.jpg 680w\" sizes=\"auto, (max-width: 75px) 100vw, 75px\" \/><\/a><\/td>\n<td style=\"text-align: left;\"><span style=\"font-family: Verdana,sans-serif;\"><span style=\"font-size: small;\">Georg Stapler, Bierbrauer und B\u00fcrgermeister<\/span><\/span><\/td>\n<td style=\"text-align: left;\"><span style=\"font-family: Verdana,sans-serif;\"><span style=\"font-size: small;\">Helmut Schreiter<\/span><\/span><\/td>\n<\/tr>\n<tr>\n<td><a href=\"http:\/\/www.buehneimmartinihof.at\/wp-content\/uploads\/2016\/07\/Aigner.jpg\"><img loading=\"lazy\" decoding=\"async\" class=\"aligncenter wp-image-393\" src=\"http:\/\/www.buehneimmartinihof.at\/wp-content\/uploads\/2016\/07\/Aigner-150x150.jpg\" alt=\"Aigner\" width=\"50\" height=\"75\" srcset=\"https:\/\/www.buehneimmartinihof.at\/wp-content\/uploads\/2016\/07\/Aigner-199x300.jpg 199w, https:\/\/www.buehneimmartinihof.at\/wp-content\/uploads\/2016\/07\/Aigner-768x1156.jpg 768w, https:\/\/www.buehneimmartinihof.at\/wp-content\/uploads\/2016\/07\/Aigner-680x1024.jpg 680w\" sizes=\"auto, (max-width: 50px) 100vw, 50px\" \/><\/a><\/td>\n<td><span style=\"font-family: Verdana,sans-serif;\"><span style=\"font-size: small;\">Liesl Stapler, seine Frau<\/span><\/span><\/td>\n<td><span style=\"font-family: Verdana,sans-serif;\"><span style=\"font-size: small;\">Gabi Aigner \u2013 Tax<\/span><\/span><\/td>\n<\/tr>\n<tr>\n<td><a href=\"http:\/\/www.buehneimmartinihof.at\/wp-content\/uploads\/2016\/07\/Farkas.jpg\"><img loading=\"lazy\" decoding=\"async\" class=\"aligncenter wp-image-405\" src=\"http:\/\/www.buehneimmartinihof.at\/wp-content\/uploads\/2016\/07\/Farkas-150x150.jpg\" alt=\"Farkas\" width=\"50\" height=\"75\" srcset=\"https:\/\/www.buehneimmartinihof.at\/wp-content\/uploads\/2016\/07\/Farkas-199x300.jpg 199w, https:\/\/www.buehneimmartinihof.at\/wp-content\/uploads\/2016\/07\/Farkas-768x1156.jpg 768w, https:\/\/www.buehneimmartinihof.at\/wp-content\/uploads\/2016\/07\/Farkas-680x1024.jpg 680w\" sizes=\"auto, (max-width: 50px) 100vw, 50px\" \/><\/a><\/td>\n<td><span style=\"font-family: Verdana,sans-serif;\"><span style=\"font-size: small;\">Fanny, deren Tochter <\/span><\/span><\/td>\n<td><span style=\"font-family: Verdana,sans-serif;\"><span style=\"font-size: small;\">Nicole Farkas<\/span><\/span><\/td>\n<\/tr>\n<tr>\n<td><a href=\"http:\/\/www.buehneimmartinihof.at\/wp-content\/uploads\/2016\/07\/Katzensteiner.jpg\"><img loading=\"lazy\" decoding=\"async\" class=\"aligncenter wp-image-396\" src=\"http:\/\/www.buehneimmartinihof.at\/wp-content\/uploads\/2016\/07\/Katzensteiner-150x150.jpg\" alt=\"Katzensteiner\" width=\"50\" height=\"75\" srcset=\"https:\/\/www.buehneimmartinihof.at\/wp-content\/uploads\/2016\/07\/Katzensteiner-199x300.jpg 199w, https:\/\/www.buehneimmartinihof.at\/wp-content\/uploads\/2016\/07\/Katzensteiner-768x1156.jpg 768w, https:\/\/www.buehneimmartinihof.at\/wp-content\/uploads\/2016\/07\/Katzensteiner-680x1024.jpg 680w\" sizes=\"auto, (max-width: 50px) 100vw, 50px\" \/><\/a><\/td>\n<td><span style=\"font-family: Verdana,sans-serif;\"><span style=\"font-size: small;\">Alexander Baldrian, Apotheker und Gemeindevorstand<\/span><\/span><\/td>\n<td><span style=\"font-family: Verdana,sans-serif;\"><span style=\"font-size: small;\">Hubert Katzensteiner<\/span><\/span><\/td>\n<\/tr>\n<tr>\n<td><a href=\"http:\/\/www.buehneimmartinihof.at\/wp-content\/uploads\/2016\/07\/Moser.jpg\"><img loading=\"lazy\" decoding=\"async\" class=\"aligncenter wp-image-390\" src=\"http:\/\/www.buehneimmartinihof.at\/wp-content\/uploads\/2016\/07\/Moser-150x150.jpg\" alt=\"Moser\" width=\"50\" height=\"75\" srcset=\"https:\/\/www.buehneimmartinihof.at\/wp-content\/uploads\/2016\/07\/Moser-199x300.jpg 199w, https:\/\/www.buehneimmartinihof.at\/wp-content\/uploads\/2016\/07\/Moser-768x1156.jpg 768w, https:\/\/www.buehneimmartinihof.at\/wp-content\/uploads\/2016\/07\/Moser-680x1024.jpg 680w\" sizes=\"auto, (max-width: 50px) 100vw, 50px\" \/><\/a><\/td>\n<td><span style=\"font-family: Verdana,sans-serif;\"><span style=\"font-size: small;\">Miriam, seine Tohter, Freundin von Fanny <\/span><\/span><\/td>\n<td><span style=\"font-family: Verdana,sans-serif;\"><span style=\"font-size: small;\">Angelika Moser<\/span><\/span><\/td>\n<\/tr>\n<tr>\n<td><a href=\"http:\/\/www.buehneimmartinihof.at\/wp-content\/uploads\/2016\/07\/Radel-Herbert.jpg\"><img loading=\"lazy\" decoding=\"async\" class=\"aligncenter wp-image-404\" src=\"http:\/\/www.buehneimmartinihof.at\/wp-content\/uploads\/2016\/07\/Radel-Herbert-150x150.jpg\" alt=\"Radel Herbert\" width=\"50\" height=\"75\" srcset=\"https:\/\/www.buehneimmartinihof.at\/wp-content\/uploads\/2016\/07\/Radel-Herbert-199x300.jpg 199w, https:\/\/www.buehneimmartinihof.at\/wp-content\/uploads\/2016\/07\/Radel-Herbert-768x1156.jpg 768w, https:\/\/www.buehneimmartinihof.at\/wp-content\/uploads\/2016\/07\/Radel-Herbert-680x1024.jpg 680w\" sizes=\"auto, (max-width: 50px) 100vw, 50px\" \/><\/a><\/td>\n<td><span style=\"font-family: Verdana,sans-serif;\"><span style=\"font-size: small;\">Franz K\u00f6nig, B\u00e4ckermeister und Gemeindevorstand <\/span><\/span><\/td>\n<td><span style=\"font-family: Verdana,sans-serif;\"><span style=\"font-size: small;\">Herbert Radel<\/span><\/span><\/td>\n<\/tr>\n<tr>\n<td><a href=\"http:\/\/www.buehneimmartinihof.at\/wp-content\/uploads\/2016\/07\/Lehnert.jpg\"><img loading=\"lazy\" decoding=\"async\" class=\"aligncenter wp-image-392\" src=\"http:\/\/www.buehneimmartinihof.at\/wp-content\/uploads\/2016\/07\/Lehnert-150x150.jpg\" alt=\"Lehnert\" width=\"50\" height=\"75\" srcset=\"https:\/\/www.buehneimmartinihof.at\/wp-content\/uploads\/2016\/07\/Lehnert-199x300.jpg 199w, https:\/\/www.buehneimmartinihof.at\/wp-content\/uploads\/2016\/07\/Lehnert-768x1156.jpg 768w, https:\/\/www.buehneimmartinihof.at\/wp-content\/uploads\/2016\/07\/Lehnert-680x1024.jpg 680w\" sizes=\"auto, (max-width: 50px) 100vw, 50px\" \/><\/a><\/td>\n<td><span style=\"font-family: Verdana,sans-serif;\"><span style=\"font-size: small;\">Johann Gscheider, Lehrer <\/span><\/span><\/td>\n<td><span style=\"font-family: Verdana,sans-serif;\"><span style=\"font-size: small;\">G\u00fcnter Lehnert<\/span><\/span><\/td>\n<\/tr>\n<tr>\n<td><a href=\"http:\/\/www.buehneimmartinihof.at\/wp-content\/uploads\/2016\/07\/Radel-Melanie.jpg\"><img loading=\"lazy\" decoding=\"async\" class=\"aligncenter wp-image-399\" src=\"http:\/\/www.buehneimmartinihof.at\/wp-content\/uploads\/2016\/07\/Radel-Melanie-150x150.jpg\" alt=\"Radel Melanie\" width=\"50\" height=\"75\" srcset=\"https:\/\/www.buehneimmartinihof.at\/wp-content\/uploads\/2016\/07\/Radel-Melanie-199x300.jpg 199w, https:\/\/www.buehneimmartinihof.at\/wp-content\/uploads\/2016\/07\/Radel-Melanie-768x1156.jpg 768w, https:\/\/www.buehneimmartinihof.at\/wp-content\/uploads\/2016\/07\/Radel-Melanie-680x1024.jpg 680w\" sizes=\"auto, (max-width: 50px) 100vw, 50px\" \/><\/a><\/td>\n<td><span style=\"font-family: Verdana,sans-serif;\"><span style=\"font-size: small;\">Marina Babetti, italienische Weinh\u00e4ndlerin <\/span><\/span><\/td>\n<td><span style=\"font-family: Verdana,sans-serif;\"><span style=\"font-size: small;\">Melanie Radel<\/span><\/span><\/td>\n<\/tr>\n<tr>\n<td><a href=\"http:\/\/www.buehneimmartinihof.at\/wp-content\/uploads\/2016\/07\/Moldavian.jpg\"><img loading=\"lazy\" decoding=\"async\" class=\"aligncenter wp-image-391\" src=\"http:\/\/www.buehneimmartinihof.at\/wp-content\/uploads\/2016\/07\/Moldavian-150x150.jpg\" alt=\"Moldavian\" width=\"50\" height=\"75\" srcset=\"https:\/\/www.buehneimmartinihof.at\/wp-content\/uploads\/2016\/07\/Moldavian-199x300.jpg 199w, https:\/\/www.buehneimmartinihof.at\/wp-content\/uploads\/2016\/07\/Moldavian-768x1156.jpg 768w, https:\/\/www.buehneimmartinihof.at\/wp-content\/uploads\/2016\/07\/Moldavian-680x1024.jpg 680w\" sizes=\"auto, (max-width: 50px) 100vw, 50px\" \/><\/a><\/td>\n<td><span style=\"font-family: Verdana,sans-serif;\"><span style=\"font-size: small;\">Mauricio, ihr Sohn <\/span><\/span><\/td>\n<td><span style=\"font-family: Verdana,sans-serif;\"><span style=\"font-size: small;\">Mag. Adrian Moldovian<\/span><\/span><\/td>\n<\/tr>\n<tr>\n<td><a href=\"http:\/\/www.buehneimmartinihof.at\/wp-content\/uploads\/2016\/07\/Klenner.jpg\"><img loading=\"lazy\" decoding=\"async\" class=\"aligncenter wp-image-400\" src=\"http:\/\/www.buehneimmartinihof.at\/wp-content\/uploads\/2016\/07\/Klenner-150x150.jpg\" alt=\"Klenner\" width=\"50\" height=\"75\" srcset=\"https:\/\/www.buehneimmartinihof.at\/wp-content\/uploads\/2016\/07\/Klenner-199x300.jpg 199w, https:\/\/www.buehneimmartinihof.at\/wp-content\/uploads\/2016\/07\/Klenner-768x1156.jpg 768w, https:\/\/www.buehneimmartinihof.at\/wp-content\/uploads\/2016\/07\/Klenner-680x1024.jpg 680w\" sizes=\"auto, (max-width: 50px) 100vw, 50px\" \/><\/a><\/td>\n<td><span style=\"font-family: Verdana,sans-serif;\"><span style=\"font-size: small;\">Lena Kuppler, Gesellschaftsdame und Heiratsvermittlerin <\/span><\/span><\/td>\n<td><span style=\"font-family: Verdana,sans-serif;\"><span style=\"font-size: small;\">Rosi Klenner<\/span><\/span><\/td>\n<\/tr>\n<tr>\n<td><a href=\"http:\/\/www.buehneimmartinihof.at\/wp-content\/uploads\/2016\/07\/Kiraly.jpg\"><img loading=\"lazy\" decoding=\"async\" class=\"aligncenter wp-image-398\" src=\"http:\/\/www.buehneimmartinihof.at\/wp-content\/uploads\/2016\/07\/Kiraly-150x150.jpg\" alt=\"Kiraly\" width=\"50\" height=\"75\" srcset=\"https:\/\/www.buehneimmartinihof.at\/wp-content\/uploads\/2016\/07\/Kiraly-199x300.jpg 199w, https:\/\/www.buehneimmartinihof.at\/wp-content\/uploads\/2016\/07\/Kiraly-768x1156.jpg 768w, https:\/\/www.buehneimmartinihof.at\/wp-content\/uploads\/2016\/07\/Kiraly-680x1024.jpg 680w\" sizes=\"auto, (max-width: 50px) 100vw, 50px\" \/><\/a><\/td>\n<td><span style=\"font-family: Verdana,sans-serif;\"><span style=\"font-size: small;\">Cilly, Sekret\u00e4rin in der Gemeinde <\/span><\/span><\/td>\n<td><span style=\"font-family: Verdana,sans-serif;\"><span style=\"font-size: small;\">Maria Kiraly<\/span><\/span><\/td>\n<\/tr>\n<tr>\n<td><a href=\"http:\/\/www.buehneimmartinihof.at\/wp-content\/uploads\/2016\/07\/Hammer.jpg\"><img loading=\"lazy\" decoding=\"async\" class=\"aligncenter wp-image-397\" src=\"http:\/\/www.buehneimmartinihof.at\/wp-content\/uploads\/2016\/07\/Hammer-150x150.jpg\" alt=\"Hammer\" width=\"50\" height=\"75\" srcset=\"https:\/\/www.buehneimmartinihof.at\/wp-content\/uploads\/2016\/07\/Hammer-199x300.jpg 199w, https:\/\/www.buehneimmartinihof.at\/wp-content\/uploads\/2016\/07\/Hammer-768x1156.jpg 768w, https:\/\/www.buehneimmartinihof.at\/wp-content\/uploads\/2016\/07\/Hammer-680x1024.jpg 680w\" sizes=\"auto, (max-width: 50px) 100vw, 50px\" \/><\/a><\/td>\n<td><span style=\"font-family: Verdana,sans-serif;\"><span style=\"font-size: small;\">Josef Kieber, Gendarm <\/span><\/span><\/td>\n<td><span style=\"font-family: Verdana,sans-serif;\"><span style=\"font-size: small;\">Nikolaus \u201eBilly\u201c Hammer<\/span><\/span><\/td>\n<\/tr>\n<tr>\n<td><\/td>\n<td><\/td>\n<td><\/td>\n<\/tr>\n<tr>\n<td><a href=\"http:\/\/www.buehneimmartinihof.at\/wp-content\/uploads\/2016\/07\/Janska-Christa.jpg\"><img loading=\"lazy\" decoding=\"async\" class=\"aligncenter wp-image-401\" src=\"http:\/\/www.buehneimmartinihof.at\/wp-content\/uploads\/2016\/07\/Janska-Christa-150x150.jpg\" alt=\"Janska Christa\" width=\"50\" height=\"75\" srcset=\"https:\/\/www.buehneimmartinihof.at\/wp-content\/uploads\/2016\/07\/Janska-Christa-199x300.jpg 199w, https:\/\/www.buehneimmartinihof.at\/wp-content\/uploads\/2016\/07\/Janska-Christa-768x1156.jpg 768w, https:\/\/www.buehneimmartinihof.at\/wp-content\/uploads\/2016\/07\/Janska-Christa-680x1024.jpg 680w\" sizes=\"auto, (max-width: 50px) 100vw, 50px\" \/><\/a><\/td>\n<td><span style=\"font-family: Verdana, serif;\"><span style=\"font-size: small;\">Souffleuse<\/span><\/span><\/td>\n<td><span style=\"font-family: Verdana, serif;\"><span style=\"font-size: small;\">Christa Janska<\/span><\/span><\/td>\n<\/tr>\n<tr>\n<td><a href=\"http:\/\/www.buehneimmartinihof.at\/wp-content\/uploads\/2016\/07\/Janska-Helmut.jpg\"><img loading=\"lazy\" decoding=\"async\" class=\"aligncenter wp-image-402\" src=\"http:\/\/www.buehneimmartinihof.at\/wp-content\/uploads\/2016\/07\/Janska-Helmut-150x150.jpg\" alt=\"Janska Helmut\" width=\"50\" height=\"75\" srcset=\"https:\/\/www.buehneimmartinihof.at\/wp-content\/uploads\/2016\/07\/Janska-Helmut-199x300.jpg 199w, https:\/\/www.buehneimmartinihof.at\/wp-content\/uploads\/2016\/07\/Janska-Helmut-768x1156.jpg 768w, https:\/\/www.buehneimmartinihof.at\/wp-content\/uploads\/2016\/07\/Janska-Helmut-680x1024.jpg 680w\" sizes=\"auto, (max-width: 50px) 100vw, 50px\" \/><\/a><\/td>\n<td><span style=\"font-family: Verdana, serif;\"><span style=\"font-size: small;\">Licht- und Tontechnik<\/span><\/span><\/td>\n<td><span style=\"font-family: Verdana, serif;\"><span style=\"font-size: small;\">Helmut Janska<\/span><\/span><\/td>\n<\/tr>\n<tr>\n<td><\/td>\n<td><span style=\"font-family: Verdana, serif;\"><span style=\"font-size: small;\">B\u00fchnenbild und Bauten<\/span><\/span><\/td>\n<td><span style=\"font-family: Verdana, serif;\"><span style=\"font-size: small;\">Herbert Radel<\/span><\/span><\/td>\n<\/tr>\n<tr>\n<td><\/td>\n<td><span style=\"font-family: Verdana, serif;\"><span style=\"font-size: small;\">Regie<\/span><\/span><\/td>\n<td><span style=\"font-family: Verdana, serif;\"><span style=\"font-size: small;\">Herbert Radel<\/span><\/span><\/td>\n<\/tr>\n<\/tbody>\n<\/table>\n","protected":false},"excerpt":{"rendered":"<p>Die Rollen in diesem St\u00fcck spielen f\u00fcr Sie: Georg Stapler, Bierbrauer und B\u00fcrgermeister Helmut Schreiter Liesl Stapler, seine Frau Gabi Aigner \u2013 Tax Fanny, deren Tochter Nicole Farkas Alexander Baldrian,<\/p>\n","protected":false},"author":3,"featured_media":0,"parent":407,"menu_order":0,"comment_status":"closed","ping_status":"closed","template":"","meta":{"ngg_post_thumbnail":0,"footnotes":""},"class_list":["post-411","page","type-page","status-publish","hentry"],"_links":{"self":[{"href":"https:\/\/www.buehneimmartinihof.at\/index.php?rest_route=\/wp\/v2\/pages\/411","targetHints":{"allow":["GET"]}}],"collection":[{"href":"https:\/\/www.buehneimmartinihof.at\/index.php?rest_route=\/wp\/v2\/pages"}],"about":[{"href":"https:\/\/www.buehneimmartinihof.at\/index.php?rest_route=\/wp\/v2\/types\/page"}],"author":[{"embeddable":true,"href":"https:\/\/www.buehneimmartinihof.at\/index.php?rest_route=\/wp\/v2\/users\/3"}],"replies":[{"embeddable":true,"href":"https:\/\/www.buehneimmartinihof.at\/index.php?rest_route=%2Fwp%2Fv2%2Fcomments&post=411"}],"version-history":[{"count":16,"href":"https:\/\/www.buehneimmartinihof.at\/index.php?rest_route=\/wp\/v2\/pages\/411\/revisions"}],"predecessor-version":[{"id":431,"href":"https:\/\/www.buehneimmartinihof.at\/index.php?rest_route=\/wp\/v2\/pages\/411\/revisions\/431"}],"up":[{"embeddable":true,"href":"https:\/\/www.buehneimmartinihof.at\/index.php?rest_route=\/wp\/v2\/pages\/407"}],"wp:attachment":[{"href":"https:\/\/www.buehneimmartinihof.at\/index.php?rest_route=%2Fwp%2Fv2%2Fmedia&parent=411"}],"curies":[{"name":"wp","href":"https:\/\/api.w.org\/{rel}","templated":true}]}}