{"id":548,"date":"2017-06-15T16:15:06","date_gmt":"2017-06-15T14:15:06","guid":{"rendered":"http:\/\/www.buehneimmartinihof.at\/?page_id=548"},"modified":"2017-06-15T16:15:06","modified_gmt":"2017-06-15T14:15:06","slug":"jetzt-nicht-liebling","status":"publish","type":"page","link":"https:\/\/www.buehneimmartinihof.at\/?page_id=548","title":{"rendered":"Jetzt nicht, Liebling!"},"content":{"rendered":"<p><img loading=\"lazy\" decoding=\"async\" class=\"aligncenter wp-image-549 size-large\" src=\"http:\/\/www.buehneimmartinihof.at\/wp-content\/uploads\/2017\/06\/DSC_8021-1024x680.jpg\" alt=\"DSC_8021\" width=\"480\" height=\"319\" srcset=\"https:\/\/www.buehneimmartinihof.at\/wp-content\/uploads\/2017\/06\/DSC_8021-1024x680.jpg 1024w, https:\/\/www.buehneimmartinihof.at\/wp-content\/uploads\/2017\/06\/DSC_8021-300x199.jpg 300w, https:\/\/www.buehneimmartinihof.at\/wp-content\/uploads\/2017\/06\/DSC_8021-768x510.jpg 768w\" sizes=\"auto, (max-width: 480px) 100vw, 480px\" \/><\/p>\n<p><strong>Not now, Darling!<br \/>\n<\/strong>Kom\u00f6die in zwei Akten von Ray Cooney und John Chapman. Deutsche Fassung von Andreina Sposa, in einer Bearbeitung von Herbert Radel<br \/>\nUrauff\u00fchrung: Garrick Theatre London, 17.6.1967<\/p>\n<p>Ein wahrhaft dickes Fell braucht der tugendhafte K\u00fcrschner Arnold, w\u00e4hrend um ihn herum generzte Nervens\u00e4gen und nackte Nerzw\u00fctige kaltbl\u00fctig hei\u00dfbl\u00fctige W\u00fcnsche zur Kasse bitten. Arnold, der eine brave Leidenschaft f\u00fcr die Sekret\u00e4rin Miss Tipdale hegt, muss f\u00fcr die S\u00fcnden seines Kompagnons Gilbert b\u00fc\u00dfen, der einer attraktiven Ehefrau einen wertvollen Pelz verspricht, um die Abwesenheit der eigenen Eheh\u00e4lfte geb\u00fchrend zu feiern. Die aber kehrt im falschen Augenblick zur\u00fcck, was dazu f\u00fchrt, dass der kesse Seitensprung von Gilbert zur Affaire von Arnold wird. Als der flotte Gatte des Seitensprungs seinem eigenen Verh\u00e4ltnis einen Pelz kaufen will und in der Ehefrau von Gilbert seinen Flirt wiedererkennt, muss Arnold auch noch eine zweite Geliebte verkraften.<\/p>\n","protected":false},"excerpt":{"rendered":"<p>Not now, Darling! Kom\u00f6die in zwei Akten von Ray Cooney und John Chapman. Deutsche Fassung von Andreina Sposa, in einer Bearbeitung von Herbert Radel Urauff\u00fchrung: Garrick Theatre London, 17.6.1967 Ein<\/p>\n","protected":false},"author":3,"featured_media":0,"parent":0,"menu_order":0,"comment_status":"closed","ping_status":"closed","template":"","meta":{"ngg_post_thumbnail":0,"footnotes":""},"class_list":["post-548","page","type-page","status-publish","hentry"],"_links":{"self":[{"href":"https:\/\/www.buehneimmartinihof.at\/index.php?rest_route=\/wp\/v2\/pages\/548","targetHints":{"allow":["GET"]}}],"collection":[{"href":"https:\/\/www.buehneimmartinihof.at\/index.php?rest_route=\/wp\/v2\/pages"}],"about":[{"href":"https:\/\/www.buehneimmartinihof.at\/index.php?rest_route=\/wp\/v2\/types\/page"}],"author":[{"embeddable":true,"href":"https:\/\/www.buehneimmartinihof.at\/index.php?rest_route=\/wp\/v2\/users\/3"}],"replies":[{"embeddable":true,"href":"https:\/\/www.buehneimmartinihof.at\/index.php?rest_route=%2Fwp%2Fv2%2Fcomments&post=548"}],"version-history":[{"count":1,"href":"https:\/\/www.buehneimmartinihof.at\/index.php?rest_route=\/wp\/v2\/pages\/548\/revisions"}],"predecessor-version":[{"id":550,"href":"https:\/\/www.buehneimmartinihof.at\/index.php?rest_route=\/wp\/v2\/pages\/548\/revisions\/550"}],"wp:attachment":[{"href":"https:\/\/www.buehneimmartinihof.at\/index.php?rest_route=%2Fwp%2Fv2%2Fmedia&parent=548"}],"curies":[{"name":"wp","href":"https:\/\/api.w.org\/{rel}","templated":true}]}}