{"id":65,"date":"2013-10-07T15:38:08","date_gmt":"2013-10-07T13:38:08","guid":{"rendered":"http:\/\/www.buehneimmartinihof.at\/?page_id=65"},"modified":"2013-10-07T15:40:03","modified_gmt":"2013-10-07T13:40:03","slug":"das-stueck","status":"publish","type":"page","link":"https:\/\/www.buehneimmartinihof.at\/?page_id=65","title":{"rendered":"Das St\u00fcck"},"content":{"rendered":"<p>Neil Simon, der wohl erfolgreichste Broadwayautor aller Zeiten, hat mit dieser Kom\u00f6die auch einen Filmkom\u00f6dienklassiker geschaffen, der mehrmals verfilmt wurde (u.a. mit Walther Matthau und George Burns sowie Woody Allen u. Peter Falk).\u00a0Im Theater in der Josefstadt stand das St\u00fcck mit Otto Schenk und Helmut Lohner, sowie im Wiener Volkstheater mit Peter Weck und Harald Serafin auf dem Programm.<\/p>\n<h3>Darum geht es<\/h3>\n<p>Willy Clark und Al Lewis, zwei beliebte Kom\u00f6dianten, verbreiteten mit ihren B\u00fchnenauftritten in den letzten vierzig Jahren nicht nur Fr\u00f6hlichkeit, sondern hinterlie\u00dfen beim Publikum auch den Eindruck einer eintr\u00e4chtigen Partnerschaft. Die Wirklichkeit sieht jedoch ganz anders aus, denn privat gehen die beiden M\u00e4nner sich regelrecht auf die Nerven. Nach etlichen Zerw\u00fcrfnissen trennen sie sich.<\/p>\n<p>Jahre sp\u00e4ter erhalten sie von einer renommierten Fernsehgesellschaft ein Angebot, in einer Sendung \u00fcber die Geschichte der Kom\u00f6die mitzuwirken. Nach z\u00e4hem Ringen k\u00f6nnen die beiden Kollegen schlie\u00dflich zur Teilnahme \u00fcberredet werden. Der gemeinsame Auftritt wird jedoch zu einer beinharten pers\u00f6nlichen Auseinandersetzung, bei der kein Auge trocken bleibt &#8211; und auch manch anderes nicht&#8230;<\/p>\n","protected":false},"excerpt":{"rendered":"<p>Neil Simon, der wohl erfolgreichste Broadwayautor aller Zeiten, hat mit dieser Kom\u00f6die auch einen Filmkom\u00f6dienklassiker geschaffen, der mehrmals verfilmt wurde (u.a. mit Walther Matthau und George Burns sowie Woody Allen<\/p>\n","protected":false},"author":3,"featured_media":0,"parent":53,"menu_order":0,"comment_status":"closed","ping_status":"closed","template":"","meta":{"ngg_post_thumbnail":0,"footnotes":""},"class_list":["post-65","page","type-page","status-publish","hentry"],"_links":{"self":[{"href":"https:\/\/www.buehneimmartinihof.at\/index.php?rest_route=\/wp\/v2\/pages\/65","targetHints":{"allow":["GET"]}}],"collection":[{"href":"https:\/\/www.buehneimmartinihof.at\/index.php?rest_route=\/wp\/v2\/pages"}],"about":[{"href":"https:\/\/www.buehneimmartinihof.at\/index.php?rest_route=\/wp\/v2\/types\/page"}],"author":[{"embeddable":true,"href":"https:\/\/www.buehneimmartinihof.at\/index.php?rest_route=\/wp\/v2\/users\/3"}],"replies":[{"embeddable":true,"href":"https:\/\/www.buehneimmartinihof.at\/index.php?rest_route=%2Fwp%2Fv2%2Fcomments&post=65"}],"version-history":[{"count":1,"href":"https:\/\/www.buehneimmartinihof.at\/index.php?rest_route=\/wp\/v2\/pages\/65\/revisions"}],"predecessor-version":[{"id":66,"href":"https:\/\/www.buehneimmartinihof.at\/index.php?rest_route=\/wp\/v2\/pages\/65\/revisions\/66"}],"up":[{"embeddable":true,"href":"https:\/\/www.buehneimmartinihof.at\/index.php?rest_route=\/wp\/v2\/pages\/53"}],"wp:attachment":[{"href":"https:\/\/www.buehneimmartinihof.at\/index.php?rest_route=%2Fwp%2Fv2%2Fmedia&parent=65"}],"curies":[{"name":"wp","href":"https:\/\/api.w.org\/{rel}","templated":true}]}}