{"id":671,"date":"2018-07-12T18:18:45","date_gmt":"2018-07-12T16:18:45","guid":{"rendered":"https:\/\/www.buehneimmartinihof.at\/?page_id=671"},"modified":"2018-07-12T18:53:18","modified_gmt":"2018-07-12T16:53:18","slug":"mit-besten-empfehlungen","status":"publish","type":"page","link":"https:\/\/www.buehneimmartinihof.at\/?page_id=671","title":{"rendered":"Das St\u00fcck"},"content":{"rendered":"<p>von Hans Schubert<\/p>\n<p>Der flei\u00dfige und ehrliche Angestellte Ferdinand P\u00f6tzl hat es in 36 Dienstjahren, trotz hervorragender Leistungen, nicht geschafft, den Generaldirektor der ERGO-Chemie AG von seinen innovativen Ideen und Erfindungen zu \u00fcberzeugen.<\/p>\n<p>Doch pl\u00f6tzlich scheint er eine Gl\u00fccksstr\u00e4hne zu haben; er wird bef\u00f6rdert, erh\u00e4lt eine entsprechende Gehaltserh\u00f6hung, seine Vorschl\u00e4ge und Ideen werden mit Begeisterung aufgenommen, sogar seiner Hochzeit steht nichts mehr im Wege. Selbst Generaldirektor Brock erweist ihm seine Gunst und scheinbare Bewunderung.<\/p>\n<p>Seinen kometenhaften Aufstieg hat er einem Empfehlungsschreiben des Ministers zu verdanken, der aber f\u00fcr ein anderes Protektionskind bestimmt war. Bei der Aufkl\u00e4rung der ganzen politischen Machenschaften droht ihm pl\u00f6tzlich ein tiefer Fall &#8230;<\/p>\n<p>Eine k\u00f6stliche Kom\u00f6die rund um Karriereleitern, Empfehlungen, Postenschachereien und Arbeitsweisen.<\/p>\n<p><a href=\"https:\/\/www.buehneimmartinihof.at\/wp-content\/uploads\/2018\/07\/Ensemble.jpg\"><img loading=\"lazy\" decoding=\"async\" class=\"alignnone size-large wp-image-672\" src=\"https:\/\/www.buehneimmartinihof.at\/wp-content\/uploads\/2018\/07\/Ensemble-1024x680.jpg\" alt=\"\" width=\"480\" height=\"319\" srcset=\"https:\/\/www.buehneimmartinihof.at\/wp-content\/uploads\/2018\/07\/Ensemble-1024x680.jpg 1024w, https:\/\/www.buehneimmartinihof.at\/wp-content\/uploads\/2018\/07\/Ensemble-300x199.jpg 300w, https:\/\/www.buehneimmartinihof.at\/wp-content\/uploads\/2018\/07\/Ensemble-768x510.jpg 768w\" sizes=\"auto, (max-width: 480px) 100vw, 480px\" \/><\/a><\/p>\n","protected":false},"excerpt":{"rendered":"<p>von Hans Schubert Der flei\u00dfige und ehrliche Angestellte Ferdinand P\u00f6tzl hat es in 36 Dienstjahren, trotz hervorragender Leistungen, nicht geschafft, den Generaldirektor der ERGO-Chemie AG von seinen innovativen Ideen und<\/p>\n","protected":false},"author":4,"featured_media":0,"parent":0,"menu_order":0,"comment_status":"closed","ping_status":"closed","template":"","meta":{"ngg_post_thumbnail":0,"footnotes":""},"class_list":["post-671","page","type-page","status-publish","hentry"],"_links":{"self":[{"href":"https:\/\/www.buehneimmartinihof.at\/index.php?rest_route=\/wp\/v2\/pages\/671","targetHints":{"allow":["GET"]}}],"collection":[{"href":"https:\/\/www.buehneimmartinihof.at\/index.php?rest_route=\/wp\/v2\/pages"}],"about":[{"href":"https:\/\/www.buehneimmartinihof.at\/index.php?rest_route=\/wp\/v2\/types\/page"}],"author":[{"embeddable":true,"href":"https:\/\/www.buehneimmartinihof.at\/index.php?rest_route=\/wp\/v2\/users\/4"}],"replies":[{"embeddable":true,"href":"https:\/\/www.buehneimmartinihof.at\/index.php?rest_route=%2Fwp%2Fv2%2Fcomments&post=671"}],"version-history":[{"count":4,"href":"https:\/\/www.buehneimmartinihof.at\/index.php?rest_route=\/wp\/v2\/pages\/671\/revisions"}],"predecessor-version":[{"id":690,"href":"https:\/\/www.buehneimmartinihof.at\/index.php?rest_route=\/wp\/v2\/pages\/671\/revisions\/690"}],"wp:attachment":[{"href":"https:\/\/www.buehneimmartinihof.at\/index.php?rest_route=%2Fwp%2Fv2%2Fmedia&parent=671"}],"curies":[{"name":"wp","href":"https:\/\/api.w.org\/{rel}","templated":true}]}}