{"id":746,"date":"2019-07-10T19:58:02","date_gmt":"2019-07-10T17:58:02","guid":{"rendered":"https:\/\/www.buehneimmartinihof.at\/?page_id=746"},"modified":"2019-07-10T19:58:34","modified_gmt":"2019-07-10T17:58:34","slug":"das-stueck","status":"publish","type":"page","link":"https:\/\/www.buehneimmartinihof.at\/?page_id=746","title":{"rendered":"Das St\u00fcck"},"content":{"rendered":"\n<p><strong>Rendez-vous im Lady \u201eO\u201c<\/strong><\/p>\n\n\n\n<p>Das\nHotel Lady \u201eO\u201c hat nicht den besten Ruf, denn dort treffen sich immer\nLiebespaare zu einem Stelldichein. Ausgerechnet von dort bekommt Nora ein\nP\u00e4ckchen mit den Hosentr\u00e4gern ihres Mannes. Sie muss nat\u00fcrlich annehmen, dass Viktor\nsie betr\u00fcgt. Gemeinsam mit ihrer Freundin Lilo schreibt sie ihm daher einen\nanonymen Brief und lockt ihn damit in dieses Etablissement, um ihn dort als\nuntreuen Ehemann zu \u00fcberf\u00fchren.<\/p>\n\n\n\n<p>Im\nLady \u201eO\u201c geht es aber drunter und dr\u00fcber. Ein eifers\u00fcchtiger Spanier randaliert,\nweil er seine untreue Ehefrau dort vermutet, ein liebestoller Schotte versucht\ndort vergebens eine Sexpartnerin zu finden, ein Mann mit einem Sprachfehler und\nein Doppelg\u00e4nger von Viktor machen das Chaos perfekt.<\/p>\n\n\n\n<p>Alles in allem eine turbulente Kom\u00f6die bei der vor lauter Lachen kein Auge trocken bleibt.<\/p>\n\n\n\n<figure class=\"wp-block-image\"><img loading=\"lazy\" decoding=\"async\" width=\"1024\" height=\"680\" src=\"https:\/\/www.buehneimmartinihof.at\/wp-content\/uploads\/2019\/07\/DSC_2941-1024x680.jpg\" alt=\"\" class=\"wp-image-740\" srcset=\"https:\/\/www.buehneimmartinihof.at\/wp-content\/uploads\/2019\/07\/DSC_2941-1024x680.jpg 1024w, https:\/\/www.buehneimmartinihof.at\/wp-content\/uploads\/2019\/07\/DSC_2941-300x199.jpg 300w, https:\/\/www.buehneimmartinihof.at\/wp-content\/uploads\/2019\/07\/DSC_2941-768x510.jpg 768w\" sizes=\"auto, (max-width: 1024px) 100vw, 1024px\" \/><\/figure>\n","protected":false},"excerpt":{"rendered":"<p>Rendez-vous im Lady \u201eO\u201c Das Hotel Lady \u201eO\u201c hat nicht den besten Ruf, denn dort treffen sich immer Liebespaare zu einem Stelldichein. Ausgerechnet von dort bekommt Nora ein P\u00e4ckchen mit<\/p>\n","protected":false},"author":4,"featured_media":0,"parent":0,"menu_order":0,"comment_status":"closed","ping_status":"closed","template":"","meta":{"ngg_post_thumbnail":0,"footnotes":""},"class_list":["post-746","page","type-page","status-publish","hentry"],"_links":{"self":[{"href":"https:\/\/www.buehneimmartinihof.at\/index.php?rest_route=\/wp\/v2\/pages\/746","targetHints":{"allow":["GET"]}}],"collection":[{"href":"https:\/\/www.buehneimmartinihof.at\/index.php?rest_route=\/wp\/v2\/pages"}],"about":[{"href":"https:\/\/www.buehneimmartinihof.at\/index.php?rest_route=\/wp\/v2\/types\/page"}],"author":[{"embeddable":true,"href":"https:\/\/www.buehneimmartinihof.at\/index.php?rest_route=\/wp\/v2\/users\/4"}],"replies":[{"embeddable":true,"href":"https:\/\/www.buehneimmartinihof.at\/index.php?rest_route=%2Fwp%2Fv2%2Fcomments&post=746"}],"version-history":[{"count":2,"href":"https:\/\/www.buehneimmartinihof.at\/index.php?rest_route=\/wp\/v2\/pages\/746\/revisions"}],"predecessor-version":[{"id":748,"href":"https:\/\/www.buehneimmartinihof.at\/index.php?rest_route=\/wp\/v2\/pages\/746\/revisions\/748"}],"wp:attachment":[{"href":"https:\/\/www.buehneimmartinihof.at\/index.php?rest_route=%2Fwp%2Fv2%2Fmedia&parent=746"}],"curies":[{"name":"wp","href":"https:\/\/api.w.org\/{rel}","templated":true}]}}