{"id":819,"date":"2021-08-13T09:05:45","date_gmt":"2021-08-13T07:05:45","guid":{"rendered":"https:\/\/www.buehneimmartinihof.at\/?page_id=819"},"modified":"2021-08-13T09:05:45","modified_gmt":"2021-08-13T07:05:45","slug":"das-stueck","status":"publish","type":"page","link":"https:\/\/www.buehneimmartinihof.at\/?page_id=819","title":{"rendered":"Das St\u00fcck"},"content":{"rendered":"\n<h2 class=\"wp-block-heading\">Ein gem\u00fctliches Wochenende von Jean Stuart<\/h2>\n\n\n\n<p>(Au doigt et \u00e0 L`Oeil)<\/p>\n\n\n\n<p>Deutsche B\u00fchnenfassung von Friedrich Kallina. F\u00fcr die `B\u00fchne` im Martinihof bearbeitet von Helmut Schreiter und Gabi Aigner-Tax.<\/p>\n\n\n\n<p>Raimund, ein Schriftsteller, der nur ein erfreuliches Wochenende mit der neuen Freundin Monika in einer Ferienwohnung verbringen will, deshalb seinem Dienstm\u00e4dchen frei gibt und sich in freudiger Erwartung die H\u00e4nde reibt. Scheinbar eine durchaus erfreuliche Situation&#8230; Pl\u00f6tzlich aber taucht der \u201eliebe\u201c Freund Emil mit Freundin auf. Er bringt aber auch Raimunds Ehefrau Jaqueline und zu allem \u00dcberdruss auch noch die Schwiegermutter Simone mit.<\/p>\n\n\n\n<p>Raimund, um Ausreden und phantastische Geschichten nicht verlegen, findet eine L\u00f6sung. Doch erstens kommt es anders und zweitens tauchen pl\u00f6tzlich zwei Gangster auf, die eben eine Bank um 20 Millionen erleichtert haben und auf der Flucht vor der Polizei eine passende Zuflucht suchen. Bewohner, G\u00e4ste und Freundin des Hausherrn werden zu Geiseln in den H\u00e4nden der Bankr\u00e4uber. Fatal und gewaltsam k\u00f6nnte das enden, zumal ein Kriminal-Inspektor, begabt mit entsprechendem \u201eScharfsinn\u201c, auftaucht und alles zus\u00e4tzlich verwirrt. Leidenschaft und Liebe allerdings sind nicht nur wunderbar, sondern vor allem unberechenbar&#8230;<\/p>\n\n\n\n<p>Die Thematik der Gangster als Geiselnehmer, die in den Alltag ganz normaler Familien hereinbrechen, ist ber\u00fchmt durch das St\u00fcck \u201eThe Desperate Hours\u201c, das auch zweimal verfilmt wurde. Dort endet die Geschichte tragisch, hier aber werden mehr die Lachmuskeln aktiviert.<\/p>\n\n\n\n<p>Jean Stuart wurde als Sohn spanisch-schottischer Eltern in Monaco geboren. Er studierte Jus, arbeitete f\u00fcr ein Chemieunternehmen, k\u00fcndigte und verdiente sein Geld als Rennfahrer. Nach einem schweren Unfall gab er diese Laufbahn auf und lebte viele Jahre in Afrika. 1967 kehrte er nach Frankreich zur\u00fcck und begann zu schreiben. Mit der Urauff\u00fchrung von \u201eein fr\u00f6hliches Wochenende\u201c (Au doigt et a l&#8217;oeil) 1972 mit Eddie Constantine in Paris begann seine erfolgreiche Laufbahn als B\u00fchnenschriftsteller.<\/p>\n","protected":false},"excerpt":{"rendered":"<p>Ein gem\u00fctliches Wochenende von Jean Stuart (Au doigt et \u00e0 L`Oeil) Deutsche B\u00fchnenfassung von Friedrich Kallina. F\u00fcr die `B\u00fchne` im Martinihof bearbeitet von Helmut Schreiter und Gabi Aigner-Tax. Raimund, ein<\/p>\n","protected":false},"author":4,"featured_media":0,"parent":817,"menu_order":0,"comment_status":"closed","ping_status":"closed","template":"","meta":{"ngg_post_thumbnail":0,"footnotes":""},"class_list":["post-819","page","type-page","status-publish","hentry"],"_links":{"self":[{"href":"https:\/\/www.buehneimmartinihof.at\/index.php?rest_route=\/wp\/v2\/pages\/819","targetHints":{"allow":["GET"]}}],"collection":[{"href":"https:\/\/www.buehneimmartinihof.at\/index.php?rest_route=\/wp\/v2\/pages"}],"about":[{"href":"https:\/\/www.buehneimmartinihof.at\/index.php?rest_route=\/wp\/v2\/types\/page"}],"author":[{"embeddable":true,"href":"https:\/\/www.buehneimmartinihof.at\/index.php?rest_route=\/wp\/v2\/users\/4"}],"replies":[{"embeddable":true,"href":"https:\/\/www.buehneimmartinihof.at\/index.php?rest_route=%2Fwp%2Fv2%2Fcomments&post=819"}],"version-history":[{"count":1,"href":"https:\/\/www.buehneimmartinihof.at\/index.php?rest_route=\/wp\/v2\/pages\/819\/revisions"}],"predecessor-version":[{"id":820,"href":"https:\/\/www.buehneimmartinihof.at\/index.php?rest_route=\/wp\/v2\/pages\/819\/revisions\/820"}],"up":[{"embeddable":true,"href":"https:\/\/www.buehneimmartinihof.at\/index.php?rest_route=\/wp\/v2\/pages\/817"}],"wp:attachment":[{"href":"https:\/\/www.buehneimmartinihof.at\/index.php?rest_route=%2Fwp%2Fv2%2Fmedia&parent=819"}],"curies":[{"name":"wp","href":"https:\/\/api.w.org\/{rel}","templated":true}]}}