{"id":99,"date":"2013-10-07T16:09:51","date_gmt":"2013-10-07T14:09:51","guid":{"rendered":"http:\/\/www.buehneimmartinihof.at\/?page_id=99"},"modified":"2014-08-21T16:39:52","modified_gmt":"2014-08-21T14:39:52","slug":"2012-der-verkaufte-grossvater","status":"publish","type":"page","link":"https:\/\/www.buehneimmartinihof.at\/?page_id=99","title":{"rendered":"2011: Der verkaufte Gro\u00dfvater"},"content":{"rendered":"<p>gespielt am 10. und 11. November 2011 in Neud\u00f6rfl und am 25. November 2011 im KUZ Neufeld<\/p>\n<p>Das\u00a0St\u00fcck ist wohl eines der bekanntesten Volksst\u00fccke und wurde von vielen Laienb\u00fchnen, aber auch von renommierten Theaterh\u00e4usern unz\u00e4hlige Male aufgef\u00fchrt. Auch eine Verfilmung mit Hans Moser in der Hauptrolle war ein gro\u00dfer Erfolg. Auch die Auff\u00fchrungen unserer Theatergruppe wurden mit Begeisterung angenommen.<\/p>\n<p>Kreithofer, ein Bauer in finanziellen N\u00f6ten, will sich durch die Heirat seines Sohnes mit der Tochter des reichen Bauern Haslinger sanieren. Die Kinder machen aber den V\u00e4tern einen Strich durch die Rechnung, denn sie wollen sich nicht verheiraten lassen, bevor sie sich nicht besser kennen. Da macht Haslinger den \u00fcberraschenden Vorschlag, den Gro\u00dfvater, der bei Kreithofer am hof lebt, zu kaufen und zu ihm nach Hause zu nehmen.<\/p>\n<p>Nat\u00fcrlich f\u00fchrt der hinterlistige Haslinger mit diesem Kauf etwas im Schilde; da hat er aber nicht mit dem schlauen Gro\u00dfvater gerechnet. In ihm finden er und sein Weib ihren Meister, und wie es sich bei einem Volksst\u00fcck geh\u00f6rt, kommen die liebenden Bauernkinder schliesslich zusammen und werden ein Paar.<\/p>\n<h3>Ensemble:<\/h3>\n<table border=\"0\" rules=\"rows\" cellpadding=\"4\">\n<tbody>\n<tr>\n<td valign=\"top\">Gro\u00dfvater<br \/>\nKreithofer<br \/>\nLois, sein Sohn<br \/>\nZenzi, Magd<br \/>\nHaslinger<br \/>\nNanni, sein Weib<br \/>\nEvi, deren Tochter<br \/>\nMatl, Knecht<br \/>\nCilly, Magd<br \/>\nB\u00fchnenbild<br \/>\nLicht und Ton<br \/>\nSoufleuse<\/td>\n<td valign=\"top\">Helmut Schreiter<br \/>\nReinhard Schmirl<br \/>\nG\u00fcnter Lehnert<br \/>\nGabi Aigner<br \/>\nHerbert Radel<br \/>\nEva Schmirl<br \/>\nBeate Schreiter<br \/>\nBilly Hammer<br \/>\nMaria Kiraly<br \/>\nHerbert Radel<br \/>\nHelmut Janska<br \/>\nChrista Janska<\/td>\n<\/tr>\n<\/tbody>\n<\/table>\n","protected":false},"excerpt":{"rendered":"<p>gespielt am 10. und 11. November 2011 in Neud\u00f6rfl und am 25. November 2011 im KUZ Neufeld Das\u00a0St\u00fcck ist wohl eines der bekanntesten Volksst\u00fccke und wurde von vielen Laienb\u00fchnen, aber<\/p>\n","protected":false},"author":3,"featured_media":0,"parent":121,"menu_order":0,"comment_status":"closed","ping_status":"closed","template":"","meta":{"ngg_post_thumbnail":0,"footnotes":""},"class_list":["post-99","page","type-page","status-publish","hentry"],"_links":{"self":[{"href":"https:\/\/www.buehneimmartinihof.at\/index.php?rest_route=\/wp\/v2\/pages\/99","targetHints":{"allow":["GET"]}}],"collection":[{"href":"https:\/\/www.buehneimmartinihof.at\/index.php?rest_route=\/wp\/v2\/pages"}],"about":[{"href":"https:\/\/www.buehneimmartinihof.at\/index.php?rest_route=\/wp\/v2\/types\/page"}],"author":[{"embeddable":true,"href":"https:\/\/www.buehneimmartinihof.at\/index.php?rest_route=\/wp\/v2\/users\/3"}],"replies":[{"embeddable":true,"href":"https:\/\/www.buehneimmartinihof.at\/index.php?rest_route=%2Fwp%2Fv2%2Fcomments&post=99"}],"version-history":[{"count":8,"href":"https:\/\/www.buehneimmartinihof.at\/index.php?rest_route=\/wp\/v2\/pages\/99\/revisions"}],"predecessor-version":[{"id":175,"href":"https:\/\/www.buehneimmartinihof.at\/index.php?rest_route=\/wp\/v2\/pages\/99\/revisions\/175"}],"up":[{"embeddable":true,"href":"https:\/\/www.buehneimmartinihof.at\/index.php?rest_route=\/wp\/v2\/pages\/121"}],"wp:attachment":[{"href":"https:\/\/www.buehneimmartinihof.at\/index.php?rest_route=%2Fwp%2Fv2%2Fmedia&parent=99"}],"curies":[{"name":"wp","href":"https:\/\/api.w.org\/{rel}","templated":true}]}}